{"id":950,"date":"2025-06-08T12:55:28","date_gmt":"2025-06-08T10:55:28","guid":{"rendered":"https:\/\/delicatus.be\/product\/zayns-girl\/"},"modified":"2026-03-26T16:58:56","modified_gmt":"2026-03-26T15:58:56","slug":"zayns-girl","status":"publish","type":"product","link":"https:\/\/delicatusboutique.com\/fr\/produit\/zayns-girl\/","title":{"rendered":"Zayn&rsquo;s Girl"},"content":{"rendered":"<p>Couleur : Magenta L\u00e9ger<\/p>\n<p><em>Les couleurs affich\u00e9es sur le site peuvent varier l\u00e9g\u00e8rement en fonction de la r\u00e9solution de votre \u00e9cran, de votre carnation et de la luminosit\u00e9.<\/em><em> <\/em><\/p>\n<p><span style=\"text-decoration: underline;\"><strong>PR\u00c9CAUTIONS D&rsquo;EMPLOI<br \/>\n<\/strong><\/span>\u00c9viter tout contact avec la peau et les yeux. Ne pas ing\u00e9rer. Tenir hors de port\u00e9e des enfants. L&rsquo;exposition aux gels et vernis \u00e0 base d&rsquo;acrylate peut provoquer des r\u00e9actions cutan\u00e9es chez certaines personnes. Cesser l&rsquo;utilisation en cas de sensibilit\u00e9 ou d&rsquo;irritation. Consulter imm\u00e9diatement un m\u00e9decin en cas de r\u00e9action.     <\/p>\n","protected":false},"excerpt":{"rendered":"<p>Couleur : Magenta L\u00e9ger Les couleurs affich\u00e9es sur le site peuvent varier l\u00e9g\u00e8rement en fonction de la r\u00e9solution de votre \u00e9cran, de votre carnation et de la luminosit\u00e9. PR\u00c9CAUTIONS D&rsquo;EMPLOI \u00c9viter tout contact avec la peau et les yeux. Ne pas ing\u00e9rer. Tenir hors de port\u00e9e des enfants. L&rsquo;exposition aux gels et vernis \u00e0 base [&hellip;]<\/p>\n","protected":false},"featured_media":954,"comment_status":"open","ping_status":"closed","template":"","meta":{"_acf_changed":false},"product_brand":[],"product_cat":[88,89,90],"product_tag":[92,93,94],"class_list":{"0":"post-950","1":"product","2":"type-product","3":"status-publish","4":"has-post-thumbnail","6":"product_cat-roses","7":"product_cat-vernis-gel-uv-led","8":"product_cat-violets","9":"product_tag-gel-uv","10":"product_tag-roses","11":"product_tag-violets","12":"product_shipping_class-standard","14":"first","15":"instock","16":"shipping-taxable","17":"purchasable","18":"product-type-simple"},"acf":[],"_links":{"self":[{"href":"https:\/\/delicatusboutique.com\/fr\/wp-json\/wp\/v2\/product\/950","targetHints":{"allow":["GET"]}}],"collection":[{"href":"https:\/\/delicatusboutique.com\/fr\/wp-json\/wp\/v2\/product"}],"about":[{"href":"https:\/\/delicatusboutique.com\/fr\/wp-json\/wp\/v2\/types\/product"}],"replies":[{"embeddable":true,"href":"https:\/\/delicatusboutique.com\/fr\/wp-json\/wp\/v2\/comments?post=950"}],"wp:featuredmedia":[{"embeddable":true,"href":"https:\/\/delicatusboutique.com\/fr\/wp-json\/wp\/v2\/media\/954"}],"wp:attachment":[{"href":"https:\/\/delicatusboutique.com\/fr\/wp-json\/wp\/v2\/media?parent=950"}],"wp:term":[{"taxonomy":"product_brand","embeddable":true,"href":"https:\/\/delicatusboutique.com\/fr\/wp-json\/wp\/v2\/product_brand?post=950"},{"taxonomy":"product_cat","embeddable":true,"href":"https:\/\/delicatusboutique.com\/fr\/wp-json\/wp\/v2\/product_cat?post=950"},{"taxonomy":"product_tag","embeddable":true,"href":"https:\/\/delicatusboutique.com\/fr\/wp-json\/wp\/v2\/product_tag?post=950"}],"curies":[{"name":"wp","href":"https:\/\/api.w.org\/{rel}","templated":true}]}}