{"id":3203,"date":"2026-03-26T16:01:20","date_gmt":"2026-03-26T15:01:20","guid":{"rendered":"https:\/\/delicatusboutique.com\/?post_type=product&#038;p=3203"},"modified":"2026-03-26T16:03:41","modified_gmt":"2026-03-26T15:03:41","slug":"poudre-chromee-argent-copy","status":"publish","type":"product","link":"https:\/\/delicatusboutique.com\/fr\/produit\/poudre-chromee-argent-copy\/","title":{"rendered":"Poudre Chrom\u00e9e &#8211; ARGENT (Copy)"},"content":{"rendered":"<p>&nbsp;<\/p>\n<p><img loading=\"lazy\" decoding=\"async\" class=\"alignnone wp-image-1654\" src=\"https:\/\/delicatus.be\/wp-content\/uploads\/2025\/09\/3-1-1024x304.webp\" alt=\"\" width=\"602\" height=\"179\" srcset=\"https:\/\/delicatusboutique.com\/wp-content\/uploads\/2025\/09\/3-1-1024x304.webp 1024w, https:\/\/delicatusboutique.com\/wp-content\/uploads\/2025\/09\/3-1-768x228.webp 768w, https:\/\/delicatusboutique.com\/wp-content\/uploads\/2025\/09\/3-1-300x89.webp 300w, https:\/\/delicatusboutique.com\/wp-content\/uploads\/2025\/09\/3-1-600x178.webp 600w, https:\/\/delicatusboutique.com\/wp-content\/uploads\/2025\/09\/3-1.webp 1060w\" sizes=\"auto, (max-width: 602px) 100vw, 602px\" \/><\/p>\n<ol>\n<li><strong>La Pr\u00e9paration, c&rsquo;est la Cl\u00e9 !<\/strong><\/li>\n<\/ol>\n<p>Pour une manucure qui dure, commencez toujours par des ongles propres.<br \/>\nLimez et polissez doucement la surface, puis nettoyez-les avec un peu d&rsquo;alcool ou d&rsquo;ac\u00e9tone. Cela cr\u00e9e la toile lisse parfaite. <\/p>\n<ol start=\"2\">\n<li><strong>Passons \u00e0 la Partie Amusante<br \/>\n<\/strong><\/li>\n<\/ol>\n<p>Ajoutez une couche de vernis gel, catalysez, mais assurez-vous qu&rsquo;elle reste un peu collante \u2014 c&rsquo;est le secret pour que la poudre adh\u00e8re !<\/p>\n<p><strong><em>Conseil de Pro :<\/em><\/strong><em> Pour un effet miroir intense et spectaculaire, appliquez une couche de vernis gel UV de la m\u00eame couleur que la poudre chrom\u00e9e.<\/em><\/p>\n<p>3. Faites Briller<\/p>\n<p>Trempez votre applicateur dans la poudre chrom\u00e9e et frottez-la doucement sur l&rsquo;ongle. Exercez une pression douce mais ferme, et vous verrez la magie op\u00e9rer !<br \/>\nContinuez de polir en petits cercles jusqu&rsquo;\u00e0 ce que la surface se transforme en un miroir lisse et brillant.<\/p>\n<ol start=\"4\">\n<li><strong> \u00c9poussetez le Surplus<\/strong><\/li>\n<\/ol>\n<p>Une fois que vos ongles brillent de mille feux, utilisez un pinceau doux pour balayer d\u00e9licatement l&rsquo;exc\u00e8s de poudre de vos cuticules et de votre peau pour un look super net.<\/p>\n<ol start=\"5\">\n<li><strong> Scellez le Tout !<\/strong><\/li>\n<\/ol>\n<p>Appliquez un topcoat en gel sur votre chef-d&rsquo;\u0153uvre, en veillant \u00e0 bien couvrir le bord de l&rsquo;ongle.<br \/>\nApr\u00e8s une derni\u00e8re catalysation, ajoutez une goutte d&rsquo;huile \u00e0 cuticules et pr\u00e9parez-vous \u00e0 exhiber votre nouveau look sensationnel !<\/p>\n","protected":false},"excerpt":{"rendered":"<p>Votre Guide pour des Ongles Chrom\u00e9s \u00c9blouissants ! \u2728<\/p>\n<p>Pr\u00eate \u00e0 faire tourner les t\u00eates avec cette incroyable brillance miroir ? C&rsquo;est plus facile que vous ne le pensez !<br \/>\nSuivez simplement les \u00e9tapes ci-dessous pour obtenir une finition chrom\u00e9e impeccable.<\/p>\n<p>&nbsp;<\/p>\n","protected":false},"featured_media":3209,"comment_status":"closed","ping_status":"closed","template":"","meta":{"_acf_changed":false},"product_brand":[],"product_cat":[150,190],"product_tag":[191],"class_list":{"0":"post-3203","1":"product","2":"type-product","3":"status-publish","4":"has-post-thumbnail","6":"product_cat-accessoires","7":"product_cat-poudre-chrome","8":"product_tag-chrome","10":"first","11":"instock","12":"shipping-taxable","13":"purchasable","14":"product-type-simple"},"acf":[],"_links":{"self":[{"href":"https:\/\/delicatusboutique.com\/fr\/wp-json\/wp\/v2\/product\/3203","targetHints":{"allow":["GET"]}}],"collection":[{"href":"https:\/\/delicatusboutique.com\/fr\/wp-json\/wp\/v2\/product"}],"about":[{"href":"https:\/\/delicatusboutique.com\/fr\/wp-json\/wp\/v2\/types\/product"}],"replies":[{"embeddable":true,"href":"https:\/\/delicatusboutique.com\/fr\/wp-json\/wp\/v2\/comments?post=3203"}],"wp:featuredmedia":[{"embeddable":true,"href":"https:\/\/delicatusboutique.com\/fr\/wp-json\/wp\/v2\/media\/3209"}],"wp:attachment":[{"href":"https:\/\/delicatusboutique.com\/fr\/wp-json\/wp\/v2\/media?parent=3203"}],"wp:term":[{"taxonomy":"product_brand","embeddable":true,"href":"https:\/\/delicatusboutique.com\/fr\/wp-json\/wp\/v2\/product_brand?post=3203"},{"taxonomy":"product_cat","embeddable":true,"href":"https:\/\/delicatusboutique.com\/fr\/wp-json\/wp\/v2\/product_cat?post=3203"},{"taxonomy":"product_tag","embeddable":true,"href":"https:\/\/delicatusboutique.com\/fr\/wp-json\/wp\/v2\/product_tag?post=3203"}],"curies":[{"name":"wp","href":"https:\/\/api.w.org\/{rel}","templated":true}]}}