{"id":3179,"date":"2026-03-26T15:10:36","date_gmt":"2026-03-26T14:10:36","guid":{"rendered":"https:\/\/delicatusboutique.com\/?post_type=product&#038;p=3179"},"modified":"2026-03-27T15:02:59","modified_gmt":"2026-03-27T14:02:59","slug":"turquoise-copy","status":"publish","type":"product","link":"https:\/\/delicatusboutique.com\/fr\/produit\/turquoise-copy\/","title":{"rendered":"Emerald"},"content":{"rendered":"<p>Effet Cat Eye &#8211; Gel Magn\u00e9tique<br \/>\nCouleur : Vert \u00e9meraude fonc\u00e9<\/p>\n<p><em>Les couleurs affich\u00e9es sur le site peuvent varier l\u00e9g\u00e8rement en fonction de la r\u00e9solution de votre \u00e9cran, de votre carnation et de la luminosit\u00e9.<\/em><\/p>\n<p><span style=\"text-decoration: underline;\"><strong>PR\u00c9CAUTIONS D&rsquo;EMPLOI<br \/>\n<\/strong><\/span>\u00c9viter tout contact avec la peau et les yeux. Ne pas ing\u00e9rer. Tenir hors de port\u00e9e des enfants. L&rsquo;exposition aux gels et vernis \u00e0 base d&rsquo;acrylate peut provoquer des r\u00e9actions cutan\u00e9es chez certaines personnes. Cesser l&rsquo;utilisation en cas de sensibilit\u00e9 ou d&rsquo;irritation. Consulter imm\u00e9diatement un m\u00e9decin en cas de r\u00e9action.<\/p>\n","protected":false},"excerpt":{"rendered":"<p>Effet Cat Eye &#8211; Gel Magn\u00e9tique Couleur : Vert \u00e9meraude fonc\u00e9 Les couleurs affich\u00e9es sur le site peuvent varier l\u00e9g\u00e8rement en fonction de la r\u00e9solution de votre \u00e9cran, de votre carnation et de la luminosit\u00e9. PR\u00c9CAUTIONS D&rsquo;EMPLOI \u00c9viter tout contact avec la peau et les yeux. Ne pas ing\u00e9rer. Tenir hors de port\u00e9e des enfants. [&hellip;]<\/p>\n","protected":false},"featured_media":3185,"comment_status":"open","ping_status":"closed","template":"","meta":{"_acf_changed":false},"product_brand":[],"product_cat":[147,89,164],"product_tag":[148,92,149,165],"class_list":{"0":"post-3179","1":"product","2":"type-product","3":"status-publish","4":"has-post-thumbnail","6":"product_cat-effet-cateye","7":"product_cat-vernis-gel-uv-led","8":"product_cat-verts","9":"product_tag-cat-eye","10":"product_tag-gel-uv","11":"product_tag-magnetique","12":"product_tag-verts","13":"product_shipping_class-standard","15":"first","16":"instock","17":"shipping-taxable","18":"purchasable","19":"product-type-simple"},"acf":[],"_links":{"self":[{"href":"https:\/\/delicatusboutique.com\/fr\/wp-json\/wp\/v2\/product\/3179","targetHints":{"allow":["GET"]}}],"collection":[{"href":"https:\/\/delicatusboutique.com\/fr\/wp-json\/wp\/v2\/product"}],"about":[{"href":"https:\/\/delicatusboutique.com\/fr\/wp-json\/wp\/v2\/types\/product"}],"replies":[{"embeddable":true,"href":"https:\/\/delicatusboutique.com\/fr\/wp-json\/wp\/v2\/comments?post=3179"}],"wp:featuredmedia":[{"embeddable":true,"href":"https:\/\/delicatusboutique.com\/fr\/wp-json\/wp\/v2\/media\/3185"}],"wp:attachment":[{"href":"https:\/\/delicatusboutique.com\/fr\/wp-json\/wp\/v2\/media?parent=3179"}],"wp:term":[{"taxonomy":"product_brand","embeddable":true,"href":"https:\/\/delicatusboutique.com\/fr\/wp-json\/wp\/v2\/product_brand?post=3179"},{"taxonomy":"product_cat","embeddable":true,"href":"https:\/\/delicatusboutique.com\/fr\/wp-json\/wp\/v2\/product_cat?post=3179"},{"taxonomy":"product_tag","embeddable":true,"href":"https:\/\/delicatusboutique.com\/fr\/wp-json\/wp\/v2\/product_tag?post=3179"}],"curies":[{"name":"wp","href":"https:\/\/api.w.org\/{rel}","templated":true}]}}