{"id":3152,"date":"2026-03-26T14:42:35","date_gmt":"2026-03-26T13:42:35","guid":{"rendered":"https:\/\/delicatusboutique.com\/?post_type=product&#038;p=3152"},"modified":"2026-03-26T14:49:14","modified_gmt":"2026-03-26T13:49:14","slug":"infatuation-copy-2","status":"publish","type":"product","link":"https:\/\/delicatusboutique.com\/fr\/produit\/infatuation-copy-2\/","title":{"rendered":"Infatuation (Copy)"},"content":{"rendered":"<p>Couleur : Perle Nude aux Sous-tons Dor\u00e9s et Scintillants. Fini translucide.<br \/>\nPhoto: 2 couches appliqu\u00e9es<\/p>\n<p><em>Les couleurs affich\u00e9es sur le site peuvent varier l\u00e9g\u00e8rement en fonction de la r\u00e9solution de votre \u00e9cran, de votre carnation et de la luminosit\u00e9.<\/em><em> <\/em><\/p>\n<p><span style=\"text-decoration: underline;\"><strong>PR\u00c9CAUTIONS D&rsquo;EMPLOI<br \/>\n<\/strong><\/span>\u00c9viter tout contact avec la peau et les yeux. Ne pas ing\u00e9rer. Tenir hors de port\u00e9e des enfants. L&rsquo;exposition aux gels et vernis \u00e0 base d&rsquo;acrylate peut provoquer des r\u00e9actions cutan\u00e9es chez certaines personnes. Cesser l&rsquo;utilisation en cas de sensibilit\u00e9 ou d&rsquo;irritation. Consulter imm\u00e9diatement un m\u00e9decin en cas de r\u00e9action.     <\/p>\n","protected":false},"excerpt":{"rendered":"<p>Couleur : Perle Nude aux Sous-tons Dor\u00e9s et Scintillants. Fini translucide. Photo: 2 couches appliqu\u00e9es Les couleurs affich\u00e9es sur le site peuvent varier l\u00e9g\u00e8rement en fonction de la r\u00e9solution de votre \u00e9cran, de votre carnation et de la luminosit\u00e9. PR\u00c9CAUTIONS D&rsquo;EMPLOI \u00c9viter tout contact avec la peau et les yeux. Ne pas ing\u00e9rer. Tenir hors [&hellip;]<\/p>\n","protected":false},"featured_media":3158,"comment_status":"open","ping_status":"closed","template":"","meta":{"_acf_changed":false},"product_brand":[],"product_cat":[110,102,184,89],"product_tag":[92,112,103,185],"class_list":{"0":"post-3152","1":"product","2":"type-product","3":"status-publish","4":"has-post-thumbnail","6":"product_cat-bruns","7":"product_cat-nudes","8":"product_cat-translucide","9":"product_cat-vernis-gel-uv-led","10":"product_tag-gel-uv","11":"product_tag-marron","12":"product_tag-nudes","13":"product_tag-translucide","14":"product_shipping_class-standard","16":"first","17":"instock","18":"shipping-taxable","19":"purchasable","20":"product-type-simple"},"acf":[],"_links":{"self":[{"href":"https:\/\/delicatusboutique.com\/fr\/wp-json\/wp\/v2\/product\/3152","targetHints":{"allow":["GET"]}}],"collection":[{"href":"https:\/\/delicatusboutique.com\/fr\/wp-json\/wp\/v2\/product"}],"about":[{"href":"https:\/\/delicatusboutique.com\/fr\/wp-json\/wp\/v2\/types\/product"}],"replies":[{"embeddable":true,"href":"https:\/\/delicatusboutique.com\/fr\/wp-json\/wp\/v2\/comments?post=3152"}],"wp:featuredmedia":[{"embeddable":true,"href":"https:\/\/delicatusboutique.com\/fr\/wp-json\/wp\/v2\/media\/3158"}],"wp:attachment":[{"href":"https:\/\/delicatusboutique.com\/fr\/wp-json\/wp\/v2\/media?parent=3152"}],"wp:term":[{"taxonomy":"product_brand","embeddable":true,"href":"https:\/\/delicatusboutique.com\/fr\/wp-json\/wp\/v2\/product_brand?post=3152"},{"taxonomy":"product_cat","embeddable":true,"href":"https:\/\/delicatusboutique.com\/fr\/wp-json\/wp\/v2\/product_cat?post=3152"},{"taxonomy":"product_tag","embeddable":true,"href":"https:\/\/delicatusboutique.com\/fr\/wp-json\/wp\/v2\/product_tag?post=3152"}],"curies":[{"name":"wp","href":"https:\/\/api.w.org\/{rel}","templated":true}]}}