{"id":2383,"date":"2025-12-03T15:59:58","date_gmt":"2025-12-03T14:59:58","guid":{"rendered":"https:\/\/delicatusboutique.com\/product\/healing-cuticle-oil\/"},"modified":"2026-03-27T14:57:20","modified_gmt":"2026-03-27T13:57:20","slug":"huile-cuticules","status":"publish","type":"product","link":"https:\/\/delicatusboutique.com\/fr\/produit\/huile-cuticules\/","title":{"rendered":"Huile R\u00e9paratrice pour Cuticules"},"content":{"rendered":"<p><strong>Mode d&#8217;emploi :<\/strong><\/p>\n<p>Apr\u00e8s votre manucure, appliquez une petite goutte d&rsquo;huile r\u00e9paratrice pour cuticules sur chaque ongle et massez d\u00e9licatement.<\/p>\n<p>Pour un r\u00e9sultat optimal, utilisez-la quotidiennement ; vos cuticules absorberont la richesse de sa formule et seront impeccables.<\/p>\n","protected":false},"excerpt":{"rendered":"<p>Dites adieu aux cuticules rugueuses et bonjour aux mains aussi doux que du velours !<br \/>\nPlongez dans l&rsquo;univers luxueux des soins corporels gr\u00e2ce \u00e0 ce m\u00e9lange exquis d&rsquo;huile de tournesol, d&rsquo;extrait de mangue et d&rsquo;huile de grenade.<\/p>\n","protected":false},"featured_media":2384,"comment_status":"open","ping_status":"closed","template":"","meta":{"_acf_changed":false},"product_brand":[],"product_cat":[210],"product_tag":[211,213],"class_list":{"0":"post-2383","1":"product","2":"type-product","3":"status-publish","4":"has-post-thumbnail","6":"product_cat-skincare","7":"product_tag-cuticle-care","8":"product_tag-skincare","10":"first","11":"instock","12":"shipping-taxable","13":"purchasable","14":"product-type-simple"},"acf":[],"_links":{"self":[{"href":"https:\/\/delicatusboutique.com\/fr\/wp-json\/wp\/v2\/product\/2383","targetHints":{"allow":["GET"]}}],"collection":[{"href":"https:\/\/delicatusboutique.com\/fr\/wp-json\/wp\/v2\/product"}],"about":[{"href":"https:\/\/delicatusboutique.com\/fr\/wp-json\/wp\/v2\/types\/product"}],"replies":[{"embeddable":true,"href":"https:\/\/delicatusboutique.com\/fr\/wp-json\/wp\/v2\/comments?post=2383"}],"wp:featuredmedia":[{"embeddable":true,"href":"https:\/\/delicatusboutique.com\/fr\/wp-json\/wp\/v2\/media\/2384"}],"wp:attachment":[{"href":"https:\/\/delicatusboutique.com\/fr\/wp-json\/wp\/v2\/media?parent=2383"}],"wp:term":[{"taxonomy":"product_brand","embeddable":true,"href":"https:\/\/delicatusboutique.com\/fr\/wp-json\/wp\/v2\/product_brand?post=2383"},{"taxonomy":"product_cat","embeddable":true,"href":"https:\/\/delicatusboutique.com\/fr\/wp-json\/wp\/v2\/product_cat?post=2383"},{"taxonomy":"product_tag","embeddable":true,"href":"https:\/\/delicatusboutique.com\/fr\/wp-json\/wp\/v2\/product_tag?post=2383"}],"curies":[{"name":"wp","href":"https:\/\/api.w.org\/{rel}","templated":true}]}}