{"id":2380,"date":"2025-12-03T16:33:24","date_gmt":"2025-12-03T15:33:24","guid":{"rendered":"https:\/\/delicatusboutique.com\/product\/rejuvenating-cream\/"},"modified":"2026-03-27T14:58:06","modified_gmt":"2026-03-27T13:58:06","slug":"creme-cuticules","status":"publish","type":"product","link":"https:\/\/delicatusboutique.com\/fr\/produit\/creme-cuticules\/","title":{"rendered":"Cr\u00e8me Revitalisante pour Cuticules"},"content":{"rendered":"<p><strong><u>Mode d&#8217;emploi: <\/u><\/strong><\/p>\n<p>Appliquez une petite quantit\u00e9 dans vos mains et frottez soigneusement sur la peau.<\/p>\n<p><strong>Remarque :<\/strong><br \/>\n\u00c9viter tout contact avec les yeux. Ne pas utiliser apr\u00e8s une manucure. Bien rincer le produit \u00e0 l\u2019eau savonneuse avant d\u2019appliquer le vernis gel UV.<\/p>\n<p>Conserver dans un endroit frais et sombre. Ce produit se conserve 1 an dans des conditions de stockage optimales.<\/p>\n","protected":false},"excerpt":{"rendered":"<p>La Cr\u00e8me Revitalisante pour Cuticules de <em>Tuesday in Love<\/em> offre une protection et une nutrition longue dur\u00e9e \u00e0 vos cuticules.<br \/>\nEnrichie en vitamines A, E et F, ces vitamines antioxydantes favorisent la circulation sanguine et le renouv\u00e8lement cellulaire.<br \/>\nC&rsquo;est un soin hydratant naturel id\u00e9al pour tous les types de peau.<\/p>\n","protected":false},"featured_media":2378,"comment_status":"open","ping_status":"closed","template":"","meta":{"_acf_changed":false},"product_brand":[],"product_cat":[210],"product_tag":[211,212,213],"class_list":{"0":"post-2380","1":"product","2":"type-product","3":"status-publish","4":"has-post-thumbnail","6":"product_cat-skincare","7":"product_tag-cuticle-care","8":"product_tag-hand-cream","9":"product_tag-skincare","11":"first","12":"instock","13":"shipping-taxable","14":"purchasable","15":"product-type-simple"},"acf":[],"_links":{"self":[{"href":"https:\/\/delicatusboutique.com\/fr\/wp-json\/wp\/v2\/product\/2380","targetHints":{"allow":["GET"]}}],"collection":[{"href":"https:\/\/delicatusboutique.com\/fr\/wp-json\/wp\/v2\/product"}],"about":[{"href":"https:\/\/delicatusboutique.com\/fr\/wp-json\/wp\/v2\/types\/product"}],"replies":[{"embeddable":true,"href":"https:\/\/delicatusboutique.com\/fr\/wp-json\/wp\/v2\/comments?post=2380"}],"wp:featuredmedia":[{"embeddable":true,"href":"https:\/\/delicatusboutique.com\/fr\/wp-json\/wp\/v2\/media\/2378"}],"wp:attachment":[{"href":"https:\/\/delicatusboutique.com\/fr\/wp-json\/wp\/v2\/media?parent=2380"}],"wp:term":[{"taxonomy":"product_brand","embeddable":true,"href":"https:\/\/delicatusboutique.com\/fr\/wp-json\/wp\/v2\/product_brand?post=2380"},{"taxonomy":"product_cat","embeddable":true,"href":"https:\/\/delicatusboutique.com\/fr\/wp-json\/wp\/v2\/product_cat?post=2380"},{"taxonomy":"product_tag","embeddable":true,"href":"https:\/\/delicatusboutique.com\/fr\/wp-json\/wp\/v2\/product_tag?post=2380"}],"curies":[{"name":"wp","href":"https:\/\/api.w.org\/{rel}","templated":true}]}}