{"id":2376,"date":"2025-12-04T22:18:21","date_gmt":"2025-12-04T21:18:21","guid":{"rendered":"https:\/\/delicatusboutique.com\/?post_type=product&#038;p=2376"},"modified":"2026-03-27T14:58:46","modified_gmt":"2026-03-27T13:58:46","slug":"huile-capillaire","status":"publish","type":"product","link":"https:\/\/delicatusboutique.com\/fr\/produit\/huile-capillaire\/","title":{"rendered":"Huile Capillaire BIO"},"content":{"rendered":"<p><strong>Remarque :<\/strong><br \/>\nConserver dans un endroit frais et sombre ; ce produit a une dur\u00e9e de conservation de 1 an lorsqu&rsquo;il est conserv\u00e9 correctement.<\/p>\n","protected":false},"excerpt":{"rendered":"<p>L&rsquo;huile d&rsquo;Argan Capillaire Organique de <em>Tuesday in Love<\/em> est con\u00e7ue pour renforcer les cheveux et les adoucir tout en r\u00e9duisant les frisottis.<br \/>\nRiche en vitamine E, en antioxydants et en acides gras essentiels, l&rsquo;huile d&rsquo;argan est parfaite pour les cheveux moyennement \u00e9pais \u00e0 tr\u00e8s \u00e9pais, y compris les cheveux lisses, ondul\u00e9s, boucl\u00e9s et cr\u00e9pus (africains).<\/p>\n","protected":false},"featured_media":2377,"comment_status":"open","ping_status":"closed","template":"","meta":{"_acf_changed":false},"product_brand":[],"product_cat":[210],"product_tag":[218,219,213],"class_list":{"0":"post-2376","1":"product","2":"type-product","3":"status-publish","4":"has-post-thumbnail","6":"product_cat-skincare","7":"product_tag-hair-care","8":"product_tag-hair-oil","9":"product_tag-skincare","11":"first","12":"instock","13":"shipping-taxable","14":"purchasable","15":"product-type-simple"},"acf":[],"_links":{"self":[{"href":"https:\/\/delicatusboutique.com\/fr\/wp-json\/wp\/v2\/product\/2376","targetHints":{"allow":["GET"]}}],"collection":[{"href":"https:\/\/delicatusboutique.com\/fr\/wp-json\/wp\/v2\/product"}],"about":[{"href":"https:\/\/delicatusboutique.com\/fr\/wp-json\/wp\/v2\/types\/product"}],"replies":[{"embeddable":true,"href":"https:\/\/delicatusboutique.com\/fr\/wp-json\/wp\/v2\/comments?post=2376"}],"wp:featuredmedia":[{"embeddable":true,"href":"https:\/\/delicatusboutique.com\/fr\/wp-json\/wp\/v2\/media\/2377"}],"wp:attachment":[{"href":"https:\/\/delicatusboutique.com\/fr\/wp-json\/wp\/v2\/media?parent=2376"}],"wp:term":[{"taxonomy":"product_brand","embeddable":true,"href":"https:\/\/delicatusboutique.com\/fr\/wp-json\/wp\/v2\/product_brand?post=2376"},{"taxonomy":"product_cat","embeddable":true,"href":"https:\/\/delicatusboutique.com\/fr\/wp-json\/wp\/v2\/product_cat?post=2376"},{"taxonomy":"product_tag","embeddable":true,"href":"https:\/\/delicatusboutique.com\/fr\/wp-json\/wp\/v2\/product_tag?post=2376"}],"curies":[{"name":"wp","href":"https:\/\/api.w.org\/{rel}","templated":true}]}}