{"id":1557,"date":"2025-04-29T23:48:02","date_gmt":"2025-04-29T21:48:02","guid":{"rendered":"https:\/\/delicatus.be\/product\/aimant-cat-eye-5-en-1\/"},"modified":"2025-10-13T01:02:55","modified_gmt":"2025-10-12T23:02:55","slug":"aimant-cat-eye-5-en-1","status":"publish","type":"product","link":"https:\/\/delicatusboutique.com\/fr\/produit\/aimant-cat-eye-5-en-1\/","title":{"rendered":"Aimant Cat Eye 5-en-1"},"content":{"rendered":"<p>R\u00e9alisez sans effort de superbes designs d&rsquo;ongles cat-eye avec cet outil magn\u00e9tique polyvalent 5-en-1 !<\/p>\n<ul>\n<li>Cinq t\u00eates magn\u00e9tiques interchangeables pour cr\u00e9er des effets infinis (trous noirs, galaxies, vagues et motifs g\u00e9om\u00e9triques)<\/li>\n<li>L\u00e9ger et portable<\/li>\n<li>Livr\u00e9 avec un \u00e9tui de protection en silicone durable pour \u00e9viter la casse<\/li>\n<\/ul>\n<p>*CE PRODUIT FONCTIONNE UNIQUEMENT AVEC LES VERNIS GEL CAT EYE<\/p>\n","protected":false},"excerpt":{"rendered":"<p>R\u00e9alisez sans effort de superbes designs d&rsquo;ongles cat-eye avec cet outil magn\u00e9tique polyvalent 5-en-1 ! Cinq t\u00eates magn\u00e9tiques interchangeables pour cr\u00e9er des effets infinis (trous noirs, galaxies, vagues et motifs g\u00e9om\u00e9triques) L\u00e9ger et portable Livr\u00e9 avec un \u00e9tui de protection en silicone durable pour \u00e9viter la casse *CE PRODUIT FONCTIONNE UNIQUEMENT AVEC LES VERNIS GEL [&hellip;]<\/p>\n","protected":false},"featured_media":1561,"comment_status":"open","ping_status":"closed","template":"","meta":{"_acf_changed":false},"product_brand":[],"product_cat":[150],"product_tag":[151,148],"class_list":{"0":"post-1557","1":"product","2":"type-product","3":"status-publish","4":"has-post-thumbnail","6":"product_cat-accessoires","7":"product_tag-accessoires","8":"product_tag-cat-eye","10":"first","11":"instock","12":"shipping-taxable","13":"purchasable","14":"product-type-variable"},"acf":[],"_links":{"self":[{"href":"https:\/\/delicatusboutique.com\/fr\/wp-json\/wp\/v2\/product\/1557","targetHints":{"allow":["GET"]}}],"collection":[{"href":"https:\/\/delicatusboutique.com\/fr\/wp-json\/wp\/v2\/product"}],"about":[{"href":"https:\/\/delicatusboutique.com\/fr\/wp-json\/wp\/v2\/types\/product"}],"replies":[{"embeddable":true,"href":"https:\/\/delicatusboutique.com\/fr\/wp-json\/wp\/v2\/comments?post=1557"}],"wp:featuredmedia":[{"embeddable":true,"href":"https:\/\/delicatusboutique.com\/fr\/wp-json\/wp\/v2\/media\/1561"}],"wp:attachment":[{"href":"https:\/\/delicatusboutique.com\/fr\/wp-json\/wp\/v2\/media?parent=1557"}],"wp:term":[{"taxonomy":"product_brand","embeddable":true,"href":"https:\/\/delicatusboutique.com\/fr\/wp-json\/wp\/v2\/product_brand?post=1557"},{"taxonomy":"product_cat","embeddable":true,"href":"https:\/\/delicatusboutique.com\/fr\/wp-json\/wp\/v2\/product_cat?post=1557"},{"taxonomy":"product_tag","embeddable":true,"href":"https:\/\/delicatusboutique.com\/fr\/wp-json\/wp\/v2\/product_tag?post=1557"}],"curies":[{"name":"wp","href":"https:\/\/api.w.org\/{rel}","templated":true}]}}