{"id":1497,"date":"2025-06-07T23:36:49","date_gmt":"2025-06-07T21:36:49","guid":{"rendered":"https:\/\/delicatus.be\/product\/cherry-bomb\/"},"modified":"2025-12-24T22:33:56","modified_gmt":"2025-12-24T21:33:56","slug":"cherry-bomb","status":"publish","type":"product","link":"https:\/\/delicatusboutique.com\/fr\/produit\/cherry-bomb\/","title":{"rendered":"Cherry Bomb"},"content":{"rendered":"<p>Couleur: Rouge Cerise Profond Scintillant<br \/>\n(n\u00e9cessite 2 couches pour une couvrance totale)<\/p>\n<p><em>Les couleurs affich\u00e9es sur le site peuvent varier l\u00e9g\u00e8rement en fonction de la r\u00e9solution de votre \u00e9cran, de votre carnation et de la luminosit\u00e9.<\/em><em> <\/em><\/p>\n<p><span style=\"text-decoration: underline;\"><strong>PR\u00c9CAUTIONS D&rsquo;EMPLOI<br \/>\n<\/strong><\/span>\u00c9viter tout contact avec la peau et les yeux. Ne pas ing\u00e9rer. Tenir hors de port\u00e9e des enfants. L&rsquo;exposition aux gels et vernis \u00e0 base d&rsquo;acrylate peut provoquer des r\u00e9actions cutan\u00e9es chez certaines personnes. Cesser l&rsquo;utilisation en cas de sensibilit\u00e9 ou d&rsquo;irritation. Consulter imm\u00e9diatement un m\u00e9decin en cas de r\u00e9action.     <\/p>\n","protected":false},"excerpt":{"rendered":"<p>Couleur: Rouge Cerise Profond Scintillant (n\u00e9cessite 2 couches pour une couvrance totale) Les couleurs affich\u00e9es sur le site peuvent varier l\u00e9g\u00e8rement en fonction de la r\u00e9solution de votre \u00e9cran, de votre carnation et de la luminosit\u00e9. PR\u00c9CAUTIONS D&rsquo;EMPLOI \u00c9viter tout contact avec la peau et les yeux. Ne pas ing\u00e9rer. Tenir hors de port\u00e9e des [&hellip;]<\/p>\n","protected":false},"featured_media":1501,"comment_status":"open","ping_status":"closed","template":"","meta":{"_acf_changed":false},"product_brand":[],"product_cat":[88,156,109,89],"product_tag":[92,93,157,111],"class_list":{"0":"post-1497","1":"product","2":"type-product","3":"status-publish","4":"has-post-thumbnail","6":"product_cat-roses","7":"product_cat-rouges","8":"product_cat-scintillant","9":"product_cat-vernis-gel-uv-led","10":"product_tag-gel-uv","11":"product_tag-roses","12":"product_tag-rouges","13":"product_tag-scintillant","14":"product_shipping_class-standard","16":"first","17":"instock","18":"shipping-taxable","19":"purchasable","20":"product-type-simple"},"acf":[],"_links":{"self":[{"href":"https:\/\/delicatusboutique.com\/fr\/wp-json\/wp\/v2\/product\/1497","targetHints":{"allow":["GET"]}}],"collection":[{"href":"https:\/\/delicatusboutique.com\/fr\/wp-json\/wp\/v2\/product"}],"about":[{"href":"https:\/\/delicatusboutique.com\/fr\/wp-json\/wp\/v2\/types\/product"}],"replies":[{"embeddable":true,"href":"https:\/\/delicatusboutique.com\/fr\/wp-json\/wp\/v2\/comments?post=1497"}],"wp:featuredmedia":[{"embeddable":true,"href":"https:\/\/delicatusboutique.com\/fr\/wp-json\/wp\/v2\/media\/1501"}],"wp:attachment":[{"href":"https:\/\/delicatusboutique.com\/fr\/wp-json\/wp\/v2\/media?parent=1497"}],"wp:term":[{"taxonomy":"product_brand","embeddable":true,"href":"https:\/\/delicatusboutique.com\/fr\/wp-json\/wp\/v2\/product_brand?post=1497"},{"taxonomy":"product_cat","embeddable":true,"href":"https:\/\/delicatusboutique.com\/fr\/wp-json\/wp\/v2\/product_cat?post=1497"},{"taxonomy":"product_tag","embeddable":true,"href":"https:\/\/delicatusboutique.com\/fr\/wp-json\/wp\/v2\/product_tag?post=1497"}],"curies":[{"name":"wp","href":"https:\/\/api.w.org\/{rel}","templated":true}]}}