{"id":1343,"date":"2025-04-30T23:54:40","date_gmt":"2025-04-30T21:54:40","guid":{"rendered":"https:\/\/delicatus.be\/product\/topcoat-transparent\/"},"modified":"2026-03-24T16:32:09","modified_gmt":"2026-03-24T15:32:09","slug":"topcoat-transparent","status":"publish","type":"product","link":"https:\/\/delicatusboutique.com\/fr\/produit\/topcoat-transparent\/","title":{"rendered":"Topcoat Transparent"},"content":{"rendered":"<p><span style=\"text-decoration: underline;\"><br \/>\n  <strong><br \/>\n    <u>Ingr\u00e9dients:<\/u><br \/>\n  <\/strong><br \/>\n<\/span><br \/>\nCopolym\u00e8re acrylique, polym\u00e8re r\u00e9ticul\u00e9 polyacrylate-6, amidon greff\u00e9 polyacrylate de sodium, copolym\u00e8re acrylamide, tracrylate de trim\u00e9thylolpropane, TIL COMPLEX II, \u00b1 CI 77499, CI 15850, CI 15985, CI 77510, CI 77289, CI 77742, CI 77492, CI 77891, CI 77019, CI 77491.<\/p>\n<p><span style=\"text-decoration: underline;\"><br \/>\n  <strong>PR\u00c9CAUTIONS D&rsquo;EMPLOI<\/strong><br \/>\n<\/span><br \/>\n\u00c9viter tout contact avec la peau et les yeux. Ne pas ing\u00e9rer. Tenir hors de port\u00e9e des enfants. L&rsquo;exposition aux gels et vernis \u00e0 base d&rsquo;acrylate peut provoquer des r\u00e9actions cutan\u00e9es chez certaines personnes. Cesser l&rsquo;utilisation en cas de sensibilit\u00e9 ou d&rsquo;irritation. Consulter imm\u00e9diatement un m\u00e9decin en cas de r\u00e9action.     <\/p>\n","protected":false},"excerpt":{"rendered":"<p>Ingr\u00e9dients: Copolym\u00e8re acrylique, polym\u00e8re r\u00e9ticul\u00e9 polyacrylate-6, amidon greff\u00e9 polyacrylate de sodium, copolym\u00e8re acrylamide, tracrylate de trim\u00e9thylolpropane, TIL COMPLEX II, \u00b1 CI 77499, CI 15850, CI 15985, CI 77510, CI 77289, CI 77742, CI 77492, CI 77891, CI 77019, CI 77491. PR\u00c9CAUTIONS D&rsquo;EMPLOI \u00c9viter tout contact avec la peau et les yeux. Ne pas ing\u00e9rer. Tenir [&hellip;]<\/p>\n","protected":false},"featured_media":1344,"comment_status":"open","ping_status":"closed","template":"","meta":{"_acf_changed":false},"product_brand":[],"product_cat":[87],"product_tag":[92,173,172],"class_list":{"0":"post-1343","1":"product","2":"type-product","3":"status-publish","4":"has-post-thumbnail","6":"product_cat-basecoat-topcoat-dissolvant","7":"product_tag-gel-uv","8":"product_tag-mat","9":"product_tag-topcoat","11":"first","12":"instock","13":"shipping-taxable","14":"purchasable","15":"product-type-variable"},"acf":[],"_links":{"self":[{"href":"https:\/\/delicatusboutique.com\/fr\/wp-json\/wp\/v2\/product\/1343","targetHints":{"allow":["GET"]}}],"collection":[{"href":"https:\/\/delicatusboutique.com\/fr\/wp-json\/wp\/v2\/product"}],"about":[{"href":"https:\/\/delicatusboutique.com\/fr\/wp-json\/wp\/v2\/types\/product"}],"replies":[{"embeddable":true,"href":"https:\/\/delicatusboutique.com\/fr\/wp-json\/wp\/v2\/comments?post=1343"}],"wp:featuredmedia":[{"embeddable":true,"href":"https:\/\/delicatusboutique.com\/fr\/wp-json\/wp\/v2\/media\/1344"}],"wp:attachment":[{"href":"https:\/\/delicatusboutique.com\/fr\/wp-json\/wp\/v2\/media?parent=1343"}],"wp:term":[{"taxonomy":"product_brand","embeddable":true,"href":"https:\/\/delicatusboutique.com\/fr\/wp-json\/wp\/v2\/product_brand?post=1343"},{"taxonomy":"product_cat","embeddable":true,"href":"https:\/\/delicatusboutique.com\/fr\/wp-json\/wp\/v2\/product_cat?post=1343"},{"taxonomy":"product_tag","embeddable":true,"href":"https:\/\/delicatusboutique.com\/fr\/wp-json\/wp\/v2\/product_tag?post=1343"}],"curies":[{"name":"wp","href":"https:\/\/api.w.org\/{rel}","templated":true}]}}