{"id":1244,"date":"2025-06-08T13:48:34","date_gmt":"2025-06-08T11:48:34","guid":{"rendered":"https:\/\/delicatus.be\/product\/ice-queen\/"},"modified":"2025-12-24T22:25:26","modified_gmt":"2025-12-24T21:25:26","slug":"ice-queen","status":"publish","type":"product","link":"https:\/\/delicatusboutique.com\/fr\/produit\/ice-queen\/","title":{"rendered":"Ice Queen"},"content":{"rendered":"<p>Couleur : Rose Barbe \u00e0 Papa Perl\u00e9<\/p>\n<p><em>Les couleurs affich\u00e9es sur le site peuvent varier l\u00e9g\u00e8rement en fonction de la r\u00e9solution de votre \u00e9cran, de votre carnation et de la luminosit\u00e9.<\/em><em> <\/em><\/p>\n<p><span style=\"text-decoration: underline;\"><strong>PR\u00c9CAUTIONS D&rsquo;EMPLOI<br \/>\n<\/strong><\/span>\u00c9viter tout contact avec la peau et les yeux. Ne pas ing\u00e9rer. Tenir hors de port\u00e9e des enfants. L&rsquo;exposition aux gels et vernis \u00e0 base d&rsquo;acrylate peut provoquer des r\u00e9actions cutan\u00e9es chez certaines personnes. Cesser l&rsquo;utilisation en cas de sensibilit\u00e9 ou d&rsquo;irritation. Consulter imm\u00e9diatement un m\u00e9decin en cas de r\u00e9action.     <\/p>\n","protected":false},"excerpt":{"rendered":"<p>Couleur : Rose Barbe \u00e0 Papa Perl\u00e9 Les couleurs affich\u00e9es sur le site peuvent varier l\u00e9g\u00e8rement en fonction de la r\u00e9solution de votre \u00e9cran, de votre carnation et de la luminosit\u00e9. PR\u00c9CAUTIONS D&rsquo;EMPLOI \u00c9viter tout contact avec la peau et les yeux. Ne pas ing\u00e9rer. Tenir hors de port\u00e9e des enfants. L&rsquo;exposition aux gels et [&hellip;]<\/p>\n","protected":false},"featured_media":1248,"comment_status":"open","ping_status":"closed","template":"","meta":{"_acf_changed":false},"product_brand":[23],"product_cat":[88,109,89],"product_tag":[92,93,111],"class_list":{"0":"post-1244","1":"product","2":"type-product","3":"status-publish","4":"has-post-thumbnail","6":"product_brand-tuesday-in-love","7":"product_cat-roses","8":"product_cat-scintillant","9":"product_cat-vernis-gel-uv-led","10":"product_tag-gel-uv","11":"product_tag-roses","12":"product_tag-scintillant","13":"product_shipping_class-standard","15":"first","16":"instock","17":"shipping-taxable","18":"purchasable","19":"product-type-simple"},"acf":[],"_links":{"self":[{"href":"https:\/\/delicatusboutique.com\/fr\/wp-json\/wp\/v2\/product\/1244","targetHints":{"allow":["GET"]}}],"collection":[{"href":"https:\/\/delicatusboutique.com\/fr\/wp-json\/wp\/v2\/product"}],"about":[{"href":"https:\/\/delicatusboutique.com\/fr\/wp-json\/wp\/v2\/types\/product"}],"replies":[{"embeddable":true,"href":"https:\/\/delicatusboutique.com\/fr\/wp-json\/wp\/v2\/comments?post=1244"}],"wp:featuredmedia":[{"embeddable":true,"href":"https:\/\/delicatusboutique.com\/fr\/wp-json\/wp\/v2\/media\/1248"}],"wp:attachment":[{"href":"https:\/\/delicatusboutique.com\/fr\/wp-json\/wp\/v2\/media?parent=1244"}],"wp:term":[{"taxonomy":"product_brand","embeddable":true,"href":"https:\/\/delicatusboutique.com\/fr\/wp-json\/wp\/v2\/product_brand?post=1244"},{"taxonomy":"product_cat","embeddable":true,"href":"https:\/\/delicatusboutique.com\/fr\/wp-json\/wp\/v2\/product_cat?post=1244"},{"taxonomy":"product_tag","embeddable":true,"href":"https:\/\/delicatusboutique.com\/fr\/wp-json\/wp\/v2\/product_tag?post=1244"}],"curies":[{"name":"wp","href":"https:\/\/api.w.org\/{rel}","templated":true}]}}