{"id":1194,"date":"2025-08-16T21:27:40","date_gmt":"2025-08-16T19:27:40","guid":{"rendered":"https:\/\/delicatus.be\/product\/dissolvant-pour-vernis-gel\/"},"modified":"2026-03-30T10:29:23","modified_gmt":"2026-03-30T08:29:23","slug":"dissolvant-pour-vernis-gel","status":"publish","type":"product","link":"https:\/\/delicatusboutique.com\/fr\/produit\/dissolvant-pour-vernis-gel\/","title":{"rendered":"Dissolvant pour Vernis Gel"},"content":{"rendered":"<p class=\"!text-neutral-a12\"><strong class=\"!text-neutral-a12\">Vos \u00e9tapes simples pour retrouver des ongles impeccables :<\/strong><\/p>\n<ol class=\"!text-neutral-a12\">\n<li class=\"!text-neutral-a12\"><strong class=\"!text-neutral-a12\">Premier nettoyage<\/strong> : Commencez par nettoyer vos ongles avec un coton imbib\u00e9 de dissolvant classique.<\/li>\n<li class=\"!text-neutral-a12\"><strong class=\"!text-neutral-a12\">Pr\u00e9parez la surface<\/strong> : Limez doucement la surface de votre vernis pour retirer la couche de finition brillante. C&rsquo;est l&rsquo;\u00e9tape cl\u00e9 pour permettre au dissolvant d&rsquo;agir ! <\/li>\n<li class=\"!text-neutral-a12\"><strong class=\"!text-neutral-a12\">Appliquez avec soin<\/strong> : Appliquez une couche g\u00e9n\u00e9reuse du Dissolvant pour Vernis Gel sur votre vernis. Assurez-vous de l&rsquo;appliquer uniquement sur l&rsquo;ongle, en \u00e9vitant la peau et les cuticules. <\/li>\n<li class=\"!text-neutral-a12\"><strong class=\"!text-neutral-a12\">Laissez agir<\/strong> : Laissez poser 10 \u00e0 15 minutes pour dissoudre le vernis. Vous le verrez commencer \u00e0 se friper et \u00e0 se d\u00e9coller de l&rsquo;ongle. <\/li>\n<li class=\"!text-neutral-a12\"><strong class=\"!text-neutral-a12\">Retirez en douceur<\/strong> : Utilisez un repousse-cuticules ou un b\u00e2tonnet pour repousser d\u00e9licatement le gel ramolli. Il devrait s&rsquo;enlever facilement ! <\/li>\n<li class=\"!text-neutral-a12\"><strong class=\"!text-neutral-a12\">Nettoyage final<\/strong> : Passez un dernier coup de dissolvant sur vos ongles pour vous assurer qu&rsquo;ils sont parfaitement propres.<br \/>\nVoil\u00e0!<\/li>\n<\/ol>\n","protected":false},"excerpt":{"rendered":"<p>Vous adorez votre manucure gel mais d\u00e9testez l&rsquo;\u00e9tape de la d\u00e9pose ? Voici la solution qui va pr\u00e9server vos ongles ! Avec le Dissolvant pour Vernis Gel de Tuesday in Love, retirer votre ancien vernis n&rsquo;est plus une corv\u00e9e.  <\/p>\n<p>Sa formule douce et puissante agit en quelques minutes, faisant cloquer le vernis pour qu&rsquo;il se retire presque tout seul. Fini les bains de trempage interminables ou les ongles ab\u00eem\u00e9s : vous retrouvez une base saine et nette, pr\u00eate pour une nouvelle touche de couleur. Profitez d&rsquo;une exp\u00e9rience sans tracas et pr\u00e9parez vos ongles \u00e0 la perfection !  <\/p>\n","protected":false},"featured_media":1195,"comment_status":"open","ping_status":"closed","template":"","meta":{"_acf_changed":false},"product_brand":[],"product_cat":[87],"product_tag":[160,92],"class_list":{"0":"post-1194","1":"product","2":"type-product","3":"status-publish","4":"has-post-thumbnail","6":"product_cat-basecoat-topcoat-dissolvant","7":"product_tag-dissolvant","8":"product_tag-gel-uv","10":"first","11":"instock","12":"shipping-taxable","13":"purchasable","14":"product-type-simple"},"acf":[],"_links":{"self":[{"href":"https:\/\/delicatusboutique.com\/fr\/wp-json\/wp\/v2\/product\/1194","targetHints":{"allow":["GET"]}}],"collection":[{"href":"https:\/\/delicatusboutique.com\/fr\/wp-json\/wp\/v2\/product"}],"about":[{"href":"https:\/\/delicatusboutique.com\/fr\/wp-json\/wp\/v2\/types\/product"}],"replies":[{"embeddable":true,"href":"https:\/\/delicatusboutique.com\/fr\/wp-json\/wp\/v2\/comments?post=1194"}],"wp:featuredmedia":[{"embeddable":true,"href":"https:\/\/delicatusboutique.com\/fr\/wp-json\/wp\/v2\/media\/1195"}],"wp:attachment":[{"href":"https:\/\/delicatusboutique.com\/fr\/wp-json\/wp\/v2\/media?parent=1194"}],"wp:term":[{"taxonomy":"product_brand","embeddable":true,"href":"https:\/\/delicatusboutique.com\/fr\/wp-json\/wp\/v2\/product_brand?post=1194"},{"taxonomy":"product_cat","embeddable":true,"href":"https:\/\/delicatusboutique.com\/fr\/wp-json\/wp\/v2\/product_cat?post=1194"},{"taxonomy":"product_tag","embeddable":true,"href":"https:\/\/delicatusboutique.com\/fr\/wp-json\/wp\/v2\/product_tag?post=1194"}],"curies":[{"name":"wp","href":"https:\/\/api.w.org\/{rel}","templated":true}]}}