{"id":1190,"date":"2025-07-04T23:29:47","date_gmt":"2025-07-04T21:29:47","guid":{"rendered":"https:\/\/delicatus.be\/product\/permeability-complex\/"},"modified":"2025-10-15T00:19:33","modified_gmt":"2025-10-14T22:19:33","slug":"permeability-complex","status":"publish","type":"product","link":"https:\/\/delicatusboutique.com\/fr\/produit\/permeability-complex\/","title":{"rendered":"Permeability Complex"},"content":{"rendered":"<p><iframe loading=\"lazy\" title=\"Lecteur vid\u00e9o YouTube\" src=\"https:\/\/www.youtube.com\/embed\/sObCn5R9zLc?si=qnq34l74jpP1i7q8\" width=\"560\" height=\"315\" frameborder=\"0\" allowfullscreen=\"allowfullscreen\"><span data-mce-type=\"bookmark\" style=\"display: inline-block; width: 0px; overflow: hidden; line-height: 0;\" class=\"mce_SELRES_start\"><\/span><\/iframe><\/p>\n<p class=\"!text-neutral-a12\"><strong class=\"!text-neutral-a12\">Voici le tour de magie, c&rsquo;est tout simple :<\/strong><\/p>\n<ul class=\"!text-neutral-a12\">\n<li class=\"!text-neutral-a12\"><strong class=\"!text-neutral-a12\">Quelques gouttes et c&rsquo;est parti<\/strong> : Versez 5 \u00e0 10 gouttes dans votre flacon de vernis (un format de 10 ml est id\u00e9al)<br \/>\n<em class=\"!text-neutral-a12\">Astuce de pro : Videz un peu de vernis d&rsquo;abord si le flacon est tout neuf !<\/em><\/li>\n<li class=\"!text-neutral-a12\"><strong class=\"!text-neutral-a12\">On secoue, on secoue<\/strong> : Agitez bien le tout pendant 30 secondes.<\/li>\n<li class=\"!text-neutral-a12\"><strong class=\"!text-neutral-a12\">Le moment de v\u00e9rit\u00e9<\/strong> : Faites un simple test de perm\u00e9abilit\u00e9 \u00e0 la maison pour voir la magie op\u00e9rer.<\/li>\n<li class=\"!text-neutral-a12\"><strong class=\"!text-neutral-a12\">La touche finale<\/strong> : Pas encore tout \u00e0 fait \u00e7a ? Ajoutez simplement quelques gouttes de plus jusqu&rsquo;\u00e0 obtenir le r\u00e9sultat parfait pour vous. <\/li>\n<\/ul>\n","protected":false},"excerpt":{"rendered":"<p>D\u00e9couvrez le petit secret qui va r\u00e9volutionner votre manucure : le Complexe TIL !<br \/>\nIl transforme litt\u00e9ralement n&rsquo;importe lequel de vos vernis \u00e0 ongles classiques en un r\u00eave respirant et perm\u00e9able \u00e0 l&rsquo;eau !<br \/>\nAlors, n&rsquo;h\u00e9sitez plus : sortez ce rose paillet\u00e9 ou ce rouge classique que vous adorez \ud83d\ude0d<\/p>\n","protected":false},"featured_media":1191,"comment_status":"open","ping_status":"closed","template":"","meta":{"_acf_changed":false},"product_brand":[],"product_cat":[150],"product_tag":[158],"class_list":{"0":"post-1190","1":"product","2":"type-product","3":"status-publish","4":"has-post-thumbnail","6":"product_cat-accessoires","7":"product_tag-permeability-complex","9":"first","10":"instock","11":"shipping-taxable","12":"purchasable","13":"product-type-simple"},"acf":[],"_links":{"self":[{"href":"https:\/\/delicatusboutique.com\/fr\/wp-json\/wp\/v2\/product\/1190","targetHints":{"allow":["GET"]}}],"collection":[{"href":"https:\/\/delicatusboutique.com\/fr\/wp-json\/wp\/v2\/product"}],"about":[{"href":"https:\/\/delicatusboutique.com\/fr\/wp-json\/wp\/v2\/types\/product"}],"replies":[{"embeddable":true,"href":"https:\/\/delicatusboutique.com\/fr\/wp-json\/wp\/v2\/comments?post=1190"}],"wp:featuredmedia":[{"embeddable":true,"href":"https:\/\/delicatusboutique.com\/fr\/wp-json\/wp\/v2\/media\/1191"}],"wp:attachment":[{"href":"https:\/\/delicatusboutique.com\/fr\/wp-json\/wp\/v2\/media?parent=1190"}],"wp:term":[{"taxonomy":"product_brand","embeddable":true,"href":"https:\/\/delicatusboutique.com\/fr\/wp-json\/wp\/v2\/product_brand?post=1190"},{"taxonomy":"product_cat","embeddable":true,"href":"https:\/\/delicatusboutique.com\/fr\/wp-json\/wp\/v2\/product_cat?post=1190"},{"taxonomy":"product_tag","embeddable":true,"href":"https:\/\/delicatusboutique.com\/fr\/wp-json\/wp\/v2\/product_tag?post=1190"}],"curies":[{"name":"wp","href":"https:\/\/api.w.org\/{rel}","templated":true}]}}