{"id":1172,"date":"2025-06-27T16:13:34","date_gmt":"2025-06-27T14:13:34","guid":{"rendered":"https:\/\/delicatus.be\/product\/sun-x26-max-lampe-uv-led-pour-ongles\/"},"modified":"2025-10-13T01:10:38","modified_gmt":"2025-10-12T23:10:38","slug":"sun-x26-max-lampe-uv-led-pour-ongles","status":"publish","type":"product","link":"https:\/\/delicatusboutique.com\/fr\/produit\/sun-x26-max-lampe-uv-led-pour-ongles\/","title":{"rendered":"Sun X26 MAX Lampe UV\/LED pour ongles"},"content":{"rendered":"<p class=\"!text-neutral-a12\">Marre d&rsquo;attendre que vos ongles s\u00e8chent?<br \/>\nLa lampe \u00e0 ongles Sun X26 MAX d\u00e9barque pour tout acc\u00e9l\u00e9rer ! Avec sa technologie pro ultra-puissante, elle durcit le vernis gel <strong class=\"!text-neutral-a12\">60 \u00e0 75 %<\/strong> plus vite que les autres lampes. Adieu les traces et les temps d\u2019attente interminables ! <\/p>\n<p class=\"!text-neutral-a12\">Une manucure parfaite, plus simple que jamais : glissez votre main, le <strong class=\"!text-neutral-a12\">capteur intelligent<\/strong> s\u2019active\u2026 et voil\u00e0 !<\/p>\n<p>Et avec 4 minuteries intuitives, trouvez le r\u00e9glage id\u00e9al pour chaque type de vernis:<\/p>\n<ul>\n<li class=\"!text-neutral-a12\">10s pour les couches fines de vernis gel<\/li>\n<li class=\"!text-neutral-a12\">30s pour le vernis gel de couleur classique<\/li>\n<li class=\"!text-neutral-a12\">60s pour les couleurs fonc\u00e9es ou du vernis gel \u00e9pais<\/li>\n<li class=\"!text-neutral-a12\">99s, mode basse temp\u00e9rature pour un s\u00e9chage sans douleur, affich\u00e9 sur un \u00e9cran LCD lumineux et facile \u00e0 lire.<\/li>\n<\/ul>\n<p class=\"!text-neutral-a12\">Con\u00e7ue pour une utilisation pratique \u00e0 la maison ou en d\u00e9placement, elle est dot\u00e9e d&rsquo;une poign\u00e9e pliable et \u00e9l\u00e9gante. Sa technologie avanc\u00e9e \u00e0 double source de lumi\u00e8re garantit non seulement des ann\u00e9es d&rsquo;utilisation fiable, mais imite \u00e9galement la lumi\u00e8re naturelle du soleil pour un durcissement confortable et uniforme, respectueux de vos ongles et de votre peau. <\/p>\n<p class=\"!text-neutral-a12\"><strong class=\"!text-neutral-a12\">Pourquoi vous allez adorer la Sun X26 MAX :<\/strong><\/p>\n<ul class=\"!text-neutral-a12\">\n<li class=\"!text-neutral-a12\"><strong class=\"!text-neutral-a12\">Durcissement Flash<\/strong> : Reprenez vos activit\u00e9s en un temps record.<\/li>\n<li class=\"!text-neutral-a12\"><strong class=\"!text-neutral-a12\">Utilisation sans Effort<\/strong> : Le capteur mains libres vous \u00e9vite de chercher les boutons.<\/li>\n<li class=\"!text-neutral-a12\"><strong class=\"!text-neutral-a12\">Contr\u00f4le Total<\/strong> : Quatre r\u00e9glages de minuterie pour une finition parfaite, \u00e0 chaque fois.<\/li>\n<li class=\"!text-neutral-a12\"><strong class=\"!text-neutral-a12\">Portable et \u00c9l\u00e9gante<\/strong> : Emportez votre manucure professionnelle partout avec vous.<\/li>\n<\/ul>\n","protected":false},"excerpt":{"rendered":"<p>Marre d&rsquo;attendre que vos ongles s\u00e8chent? La lampe \u00e0 ongles Sun X26 MAX d\u00e9barque pour tout acc\u00e9l\u00e9rer ! Avec sa technologie pro ultra-puissante, elle durcit le vernis gel 60 \u00e0 75 % plus vite que les autres lampes. Adieu les traces et les temps d\u2019attente interminables ! Une manucure parfaite, plus simple que jamais : [&hellip;]<\/p>\n","protected":false},"featured_media":1173,"comment_status":"open","ping_status":"closed","template":"","meta":{"_acf_changed":false},"product_brand":[],"product_cat":[150],"product_tag":[151,152],"class_list":{"0":"post-1172","1":"product","2":"type-product","3":"status-publish","4":"has-post-thumbnail","6":"product_cat-accessoires","7":"product_tag-accessoires","8":"product_tag-lampe-uv","10":"first","11":"instock","12":"sold-individually","13":"shipping-taxable","14":"purchasable","15":"product-type-simple"},"acf":[],"_links":{"self":[{"href":"https:\/\/delicatusboutique.com\/fr\/wp-json\/wp\/v2\/product\/1172","targetHints":{"allow":["GET"]}}],"collection":[{"href":"https:\/\/delicatusboutique.com\/fr\/wp-json\/wp\/v2\/product"}],"about":[{"href":"https:\/\/delicatusboutique.com\/fr\/wp-json\/wp\/v2\/types\/product"}],"replies":[{"embeddable":true,"href":"https:\/\/delicatusboutique.com\/fr\/wp-json\/wp\/v2\/comments?post=1172"}],"wp:featuredmedia":[{"embeddable":true,"href":"https:\/\/delicatusboutique.com\/fr\/wp-json\/wp\/v2\/media\/1173"}],"wp:attachment":[{"href":"https:\/\/delicatusboutique.com\/fr\/wp-json\/wp\/v2\/media?parent=1172"}],"wp:term":[{"taxonomy":"product_brand","embeddable":true,"href":"https:\/\/delicatusboutique.com\/fr\/wp-json\/wp\/v2\/product_brand?post=1172"},{"taxonomy":"product_cat","embeddable":true,"href":"https:\/\/delicatusboutique.com\/fr\/wp-json\/wp\/v2\/product_cat?post=1172"},{"taxonomy":"product_tag","embeddable":true,"href":"https:\/\/delicatusboutique.com\/fr\/wp-json\/wp\/v2\/product_tag?post=1172"}],"curies":[{"name":"wp","href":"https:\/\/api.w.org\/{rel}","templated":true}]}}