{"id":1008,"date":"2025-04-04T11:48:43","date_gmt":"2025-04-04T09:48:43","guid":{"rendered":"https:\/\/delicatus.be\/product\/sheer-flirt\/"},"modified":"2026-01-04T13:14:19","modified_gmt":"2026-01-04T12:14:19","slug":"sheer-flirt","status":"publish","type":"product","link":"https:\/\/delicatusboutique.com\/fr\/produit\/sheer-flirt\/","title":{"rendered":"Sheer Flirt"},"content":{"rendered":"<p>Couleur: Rose Nude Translucide<br \/>\nPhoto: 2 couches appliqu\u00e9es<\/p>\n<p><em>Les couleurs affich\u00e9es sur le site peuvent varier l\u00e9g\u00e8rement en fonction de la r\u00e9solution de votre \u00e9cran, de votre carnation et de la luminosit\u00e9.<\/em><em> <\/em><\/p>\n<p><span style=\"text-decoration: underline;\"><br \/>\n  <strong>PR\u00c9CAUTIONS D&rsquo;EMPLOI:<br \/>\n<\/strong><br \/>\n<\/span>\u00c9viter tout contact avec la peau et les yeux. Ne pas ing\u00e9rer. Tenir hors de port\u00e9e des enfants. L&rsquo;exposition aux gels et vernis \u00e0 base d&rsquo;acrylate peut provoquer des r\u00e9actions cutan\u00e9es chez certaines personnes. Cesser l&rsquo;utilisation en cas de sensibilit\u00e9 ou d&rsquo;irritation. Consulter imm\u00e9diatement un m\u00e9decin en cas de r\u00e9action.     <\/p>\n","protected":false},"excerpt":{"rendered":"<p>Couleur: Rose Nude Translucide Photo: 2 couches appliqu\u00e9es Les couleurs affich\u00e9es sur le site peuvent varier l\u00e9g\u00e8rement en fonction de la r\u00e9solution de votre \u00e9cran, de votre carnation et de la luminosit\u00e9. PR\u00c9CAUTIONS D&rsquo;EMPLOI: \u00c9viter tout contact avec la peau et les yeux. Ne pas ing\u00e9rer. Tenir hors de port\u00e9e des enfants. L&rsquo;exposition aux gels [&hellip;]<\/p>\n","protected":false},"featured_media":1009,"comment_status":"open","ping_status":"closed","template":"","meta":{"_acf_changed":false},"product_brand":[],"product_cat":[102,184,89],"product_tag":[92,103,185],"class_list":{"0":"post-1008","1":"product","2":"type-product","3":"status-publish","4":"has-post-thumbnail","6":"product_cat-nudes","7":"product_cat-translucide","8":"product_cat-vernis-gel-uv-led","9":"product_tag-gel-uv","10":"product_tag-nudes","11":"product_tag-translucide","12":"product_shipping_class-standard","14":"first","15":"instock","16":"shipping-taxable","17":"purchasable","18":"product-type-simple"},"acf":[],"_links":{"self":[{"href":"https:\/\/delicatusboutique.com\/fr\/wp-json\/wp\/v2\/product\/1008","targetHints":{"allow":["GET"]}}],"collection":[{"href":"https:\/\/delicatusboutique.com\/fr\/wp-json\/wp\/v2\/product"}],"about":[{"href":"https:\/\/delicatusboutique.com\/fr\/wp-json\/wp\/v2\/types\/product"}],"replies":[{"embeddable":true,"href":"https:\/\/delicatusboutique.com\/fr\/wp-json\/wp\/v2\/comments?post=1008"}],"wp:featuredmedia":[{"embeddable":true,"href":"https:\/\/delicatusboutique.com\/fr\/wp-json\/wp\/v2\/media\/1009"}],"wp:attachment":[{"href":"https:\/\/delicatusboutique.com\/fr\/wp-json\/wp\/v2\/media?parent=1008"}],"wp:term":[{"taxonomy":"product_brand","embeddable":true,"href":"https:\/\/delicatusboutique.com\/fr\/wp-json\/wp\/v2\/product_brand?post=1008"},{"taxonomy":"product_cat","embeddable":true,"href":"https:\/\/delicatusboutique.com\/fr\/wp-json\/wp\/v2\/product_cat?post=1008"},{"taxonomy":"product_tag","embeddable":true,"href":"https:\/\/delicatusboutique.com\/fr\/wp-json\/wp\/v2\/product_tag?post=1008"}],"curies":[{"name":"wp","href":"https:\/\/api.w.org\/{rel}","templated":true}]}}