{"id":907,"date":"2025-06-08T22:27:48","date_gmt":"2025-06-08T20:27:48","guid":{"rendered":"https:\/\/delicatus.be\/deli-beauties\/"},"modified":"2025-10-19T00:54:59","modified_gmt":"2025-10-18T22:54:59","slug":"deli-beauties","status":"publish","type":"page","link":"https:\/\/delicatusboutique.com\/fr\/deli-beauties\/","title":{"rendered":"DELI BEAUTIES (Programme de Fid\u00e9lit\u00e9)"},"content":{"rendered":"\n<div class=\"wp-block-media-text is-stacked-on-mobile is-image-fill-element\" style=\"grid-template-columns:49% auto\"><figure class=\"wp-block-media-text__media\"><img loading=\"lazy\" decoding=\"async\" width=\"1408\" height=\"768\" src=\"https:\/\/delicatus.be\/wp-content\/uploads\/2025\/07\/29.png\" alt=\"\" class=\"wp-image-749 size-full\" style=\"object-position:51% 51%\" srcset=\"https:\/\/delicatusboutique.com\/wp-content\/uploads\/2025\/07\/29.png 1408w, https:\/\/delicatusboutique.com\/wp-content\/uploads\/2025\/07\/29-768x419.png 768w, https:\/\/delicatusboutique.com\/wp-content\/uploads\/2025\/07\/29-1024x559.png 1024w, https:\/\/delicatusboutique.com\/wp-content\/uploads\/2025\/07\/29-300x164.png 300w, https:\/\/delicatusboutique.com\/wp-content\/uploads\/2025\/07\/29-600x327.png 600w\" sizes=\"auto, (max-width: 1408px) 100vw, 1408px\" \/><\/figure><div class=\"wp-block-media-text__content\">\n<p style=\"font-size:15px\">Devenez membre Deli Beautie et commencez \u00e0 gagner des Beautie Drops \u00e0 chaque achat.<\/p>\n\n\n\n<p style=\"font-size:15px\">\u00c9changez-les contre des r\u00e9ductions, des cadeaux et des surprises pour c\u00e9l\u00e9brer votre beaut\u00e9 et VOUS<\/p>\n\n\n\n<div class=\"wp-block-buttons is-content-justification-center is-layout-flex wp-container-core-buttons-is-layout-16018d1d wp-block-buttons-is-layout-flex\">\n<div class=\"wp-block-button has-custom-width wp-block-button__width-75 is-style-fill\"><a class=\"wp-block-button__link wp-element-button\" href=\"https:\/\/delicatusboutique.com\/fr\/mon-compte\/\">Inscrivez-Vous<\/a><\/div>\n<\/div>\n<\/div><\/div>\n\n\n\n<div class=\"wp-block-media-text has-media-on-the-right is-stacked-on-mobile is-vertically-aligned-top\" style=\"grid-template-columns:auto 51%\"><div class=\"wp-block-media-text__content\">\n<h5 class=\"wp-block-heading\">Comment \u00e7a Marche?<\/h5>\n\n\n\n<hr class=\"wp-block-separator has-alpha-channel-opacity\"\/>\n\n\n\n<p style=\"font-size:15px\">INSCRIVEZ-VOUS GRATUTEMENT<br>Nous vous offrons 15 Beautie Drops d\u00e8s votre inscription.<\/p>\n\n\n\n<p style=\"font-size:15px\">COLLECTEZ LES DROPS<br>Gagnez plus \u00e0 chaque commande, avis, et plus (ils sont \u00e0 vous pour toujours !)<\/p>\n\n\n\n<p style=\"font-size:15px\">ECHANGEZ VOS AVANTAGES<br>Echangez-les contre des r\u00e9ductions int\u00e9ressantes, un acc\u00e8s anticip\u00e9 aux soldes et des produits exclusifs.<\/p>\n<\/div><figure class=\"wp-block-media-text__media\"><img loading=\"lazy\" decoding=\"async\" width=\"1024\" height=\"683\" src=\"https:\/\/delicatus.be\/wp-content\/uploads\/2025\/07\/Image_2-1024x683.jpg\" alt=\"\" class=\"wp-image-827 size-full\" srcset=\"https:\/\/delicatusboutique.com\/wp-content\/uploads\/2025\/07\/Image_2-1024x683.jpg 1024w, https:\/\/delicatusboutique.com\/wp-content\/uploads\/2025\/07\/Image_2-2048x1365.jpg 2048w, https:\/\/delicatusboutique.com\/wp-content\/uploads\/2025\/07\/Image_2-768x512.jpg 768w, https:\/\/delicatusboutique.com\/wp-content\/uploads\/2025\/07\/Image_2-1920x1280.jpg 1920w, https:\/\/delicatusboutique.com\/wp-content\/uploads\/2025\/07\/Image_2-300x200.jpg 300w, https:\/\/delicatusboutique.com\/wp-content\/uploads\/2025\/07\/Image_2-1536x1024.jpg 1536w, https:\/\/delicatusboutique.com\/wp-content\/uploads\/2025\/07\/Image_2-600x400.jpg 600w\" sizes=\"auto, (max-width: 1024px) 100vw, 1024px\" \/><\/figure><\/div>\n\n\n\n<p><\/p>\n","protected":false},"excerpt":{"rendered":"","protected":false},"author":2,"featured_media":0,"parent":0,"menu_order":12,"comment_status":"closed","ping_status":"closed","template":"","meta":{"_acf_changed":false,"footnotes":""},"class_list":["post-907","page","type-page","status-publish","hentry"],"acf":[],"_links":{"self":[{"href":"https:\/\/delicatusboutique.com\/fr\/wp-json\/wp\/v2\/pages\/907","targetHints":{"allow":["GET"]}}],"collection":[{"href":"https:\/\/delicatusboutique.com\/fr\/wp-json\/wp\/v2\/pages"}],"about":[{"href":"https:\/\/delicatusboutique.com\/fr\/wp-json\/wp\/v2\/types\/page"}],"author":[{"embeddable":true,"href":"https:\/\/delicatusboutique.com\/fr\/wp-json\/wp\/v2\/users\/2"}],"replies":[{"embeddable":true,"href":"https:\/\/delicatusboutique.com\/fr\/wp-json\/wp\/v2\/comments?post=907"}],"version-history":[{"count":6,"href":"https:\/\/delicatusboutique.com\/fr\/wp-json\/wp\/v2\/pages\/907\/revisions"}],"predecessor-version":[{"id":2145,"href":"https:\/\/delicatusboutique.com\/fr\/wp-json\/wp\/v2\/pages\/907\/revisions\/2145"}],"wp:attachment":[{"href":"https:\/\/delicatusboutique.com\/fr\/wp-json\/wp\/v2\/media?parent=907"}],"curies":[{"name":"wp","href":"https:\/\/api.w.org\/{rel}","templated":true}]}}