{"id":902,"date":"2025-06-05T00:26:09","date_gmt":"2025-06-04T22:26:09","guid":{"rendered":"https:\/\/delicatus.be\/shipping-returns\/"},"modified":"2025-09-15T14:16:21","modified_gmt":"2025-09-15T12:16:21","slug":"shipping-returns","status":"publish","type":"page","link":"https:\/\/delicatusboutique.com\/fr\/shipping-returns\/","title":{"rendered":"Politique de Livraison et de Retours"},"content":{"rendered":"\n<h2 class=\"wp-block-heading\">D\u00e9lais et Frais de Livraison<\/h2>\n\n<p>Le Client recevra un e-mail contenant le num\u00e9ro de suivi du colis une fois la commande exp\u00e9di\u00e9e. <br\/><br\/>Les frais de port sont calcul\u00e9s automatiquement lors de la finalisation de votre commande, en fonction de l&rsquo;adresse de livraison.<\/p>\n\n<div class=\"wp-block-group\"><div class=\"wp-block-group__inner-container is-layout-constrained wp-block-group-is-layout-constrained\">\n<figure class=\"wp-block-table\"><table class=\"has-fixed-layout\"><thead><tr><th>Pays<\/th><th class=\"has-text-align-center\" data-align=\"center\">Point de retrait<\/th><th class=\"has-text-align-center\" data-align=\"center\">Delais (jours ouvrables)<\/th><th class=\"has-text-align-center\" data-align=\"center\">Livraison gratuite<\/th><th class=\"has-text-align-center\" data-align=\"center\">Livraison \u00e0 domicile<\/th><th class=\"has-text-align-center\" data-align=\"center\">Delais (jours ouvrables)<\/th><th class=\"has-text-align-center\" data-align=\"center\">Livraison gratuite<\/th><\/tr><\/thead><tbody><tr><td>Autriche<\/td><td class=\"has-text-align-center\" data-align=\"center\">10,50\u20ac<\/td><td class=\"has-text-align-center\" data-align=\"center\">6-7<\/td><td class=\"has-text-align-center\" data-align=\"center\">\u00c0 partir de 89\u20ac<\/td><td class=\"has-text-align-center\" data-align=\"center\">12,00\u20ac<\/td><td class=\"has-text-align-center\" data-align=\"center\">2-3<\/td><td class=\"has-text-align-center\" data-align=\"center\">\u00c0 partir de 109\u20ac<\/td><\/tr><tr><td>Belgique<\/td><td class=\"has-text-align-center\" data-align=\"center\">4,65\u20ac<\/td><td class=\"has-text-align-center\" data-align=\"center\">3-4  <\/td><td class=\"has-text-align-center\" data-align=\"center\">\u00c0 partir de 49\u20ac<\/td><td class=\"has-text-align-center\" data-align=\"center\">6,65\u20ac<\/td><td class=\"has-text-align-center\" data-align=\"center\">3-4<\/td><td class=\"has-text-align-center\" data-align=\"center\">\u00c0 partir de 79\u20ac<\/td><\/tr><tr><td>France<\/td><td class=\"has-text-align-center\" data-align=\"center\">6,45\u20ac<\/td><td class=\"has-text-align-center\" data-align=\"center\">3-5<\/td><td class=\"has-text-align-center\" data-align=\"center\">\u00c0 partir de 49\u20ac<\/td><td class=\"has-text-align-center\" data-align=\"center\">8,50\u20ac<\/td><td class=\"has-text-align-center\" data-align=\"center\">3-5<\/td><td class=\"has-text-align-center\" data-align=\"center\">\u00c0 partir de 89\u20ac<\/td><\/tr><tr><td>Allemagne<\/td><td class=\"has-text-align-center\" data-align=\"center\">8,65\u20ac<\/td><td class=\"has-text-align-center\" data-align=\"center\">5-6<\/td><td class=\"has-text-align-center\" data-align=\"center\">\u00c0 partir de 89\u20ac<\/td><td class=\"has-text-align-center\" data-align=\"center\">12,00\u20ac<\/td><td class=\"has-text-align-center\" data-align=\"center\">3-4<\/td><td class=\"has-text-align-center\" data-align=\"center\">\u00c0 partir de 109\u20ac<\/td><\/tr><tr><td>Italie<\/td><td class=\"has-text-align-center\" data-align=\"center\">7,50\u20ac<\/td><td class=\"has-text-align-center\" data-align=\"center\">5-6<\/td><td class=\"has-text-align-center\" data-align=\"center\">\u00c0 partir de 89\u20ac<\/td><td class=\"has-text-align-center\" data-align=\"center\">15,50\u20ac<\/td><td class=\"has-text-align-center\" data-align=\"center\">3-4<\/td><td class=\"has-text-align-center\" data-align=\"center\">\u00c0 partir de 129\u20ac<\/td><\/tr><tr><td>Luxembourg<\/td><td class=\"has-text-align-center\" data-align=\"center\">5,00\u20ac<\/td><td class=\"has-text-align-center\" data-align=\"center\">3-4<\/td><td class=\"has-text-align-center\" data-align=\"center\">\u00c0 partir de 49\u20ac<\/td><td class=\"has-text-align-center\" data-align=\"center\">9,80\u20ac<\/td><td class=\"has-text-align-center\" data-align=\"center\">2-3<\/td><td class=\"has-text-align-center\" data-align=\"center\">\u00c0 partir de 89\u20ac<\/td><\/tr><tr><td>Hollande<\/td><td class=\"has-text-align-center\" data-align=\"center\">5,00\u20ac<\/td><td class=\"has-text-align-center\" data-align=\"center\">3-5<\/td><td class=\"has-text-align-center\" data-align=\"center\">\u00c0 partir de 49\u20ac<\/td><td class=\"has-text-align-center\" data-align=\"center\">9,80\u20ac<\/td><td class=\"has-text-align-center\" data-align=\"center\">2-3<\/td><td class=\"has-text-align-center\" data-align=\"center\">\u00c0 partir de 89\u20ac<\/td><\/tr><tr><td>Pologne<\/td><td class=\"has-text-align-center\" data-align=\"center\">8,00\u20ac<\/td><td class=\"has-text-align-center\" data-align=\"center\">6-7<\/td><td class=\"has-text-align-center\" data-align=\"center\">\u00c0 partir de 89\u20ac<\/td><td class=\"has-text-align-center\" data-align=\"center\">12,00\u20ac<\/td><td class=\"has-text-align-center\" data-align=\"center\">2-3<\/td><td class=\"has-text-align-center\" data-align=\"center\">\u00c0 partir de 129\u20ac<\/td><\/tr><tr><td>Portugal<\/td><td class=\"has-text-align-center\" data-align=\"center\">8,00\u20ac<\/td><td class=\"has-text-align-center\" data-align=\"center\">5-6<\/td><td class=\"has-text-align-center\" data-align=\"center\">\u00c0 partir de 89\u20ac<\/td><td class=\"has-text-align-center\" data-align=\"center\">14,80\u20ac<\/td><td class=\"has-text-align-center\" data-align=\"center\">5-6<\/td><td class=\"has-text-align-center\" data-align=\"center\">\u00c0 partir de 129\u20ac<\/td><\/tr><tr><td>Espagne<\/td><td class=\"has-text-align-center\" data-align=\"center\">7,50\u20ac<\/td><td class=\"has-text-align-center\" data-align=\"center\">5-6<\/td><td class=\"has-text-align-center\" data-align=\"center\">\u00c0 partir de 89\u20ac<\/td><td class=\"has-text-align-center\" data-align=\"center\">14,80\u20ac<\/td><td class=\"has-text-align-center\" data-align=\"center\">5-6<\/td><td class=\"has-text-align-center\" data-align=\"center\">\u00c0 partir de 129\u20ac<\/td><\/tr><\/tbody><\/table><\/figure>\n\n\n\n<h5 class=\"wp-block-heading\">Nous exp\u00e9dions \u00e9galement vers d&rsquo;autres pays europ\u00e9ens qui ne figurent pas dans la liste ci-dessus.<br\/>Pour obtenir un devis de livraison personnalis\u00e9, veuillez nous contacter \u00e0 l&rsquo;adresse suivante: <a href=\"mailto:hello@delicatus.be\">hello@delicatus.be<\/a>.<\/h5>\n<\/div><\/div>\n\n<p>Veuillez noter que les d\u00e9lais de livraison sont indicatifs et rel\u00e8vent de la seule responsabilit\u00e9 de nos partenaires de transport. Delicatus Boutique ne pourra \u00eatre tenue responsable en cas de retard de livraison une fois le colis exp\u00e9di\u00e9. <\/p>\n\n<h2 class=\"wp-block-heading\">Droit de R\u00e9tractation<\/h2>\n\n<p>En conformit\u00e9 avec la directive europ\u00e9enne 2011\/83\/UE, l\u2019Acheteur dispose d&rsquo;un d\u00e9lai de 14 jours calendrier \u00e0 compter de la livraison de leur commande pour exercer son droit de r\u00e9tractation et ainsi faire retour du produit pour remboursement sans p\u00e9nalit\u00e9, \u00e0 l\u2019exception des frais de retour qui seront \u00e0 la charge de celui-ci.<br\/><br\/>Le d\u00e9lai de r\u00e9tractation expire 14 jours apr\u00e8s le jour o\u00f9 le Client, ou un tiers autre que le transporteur et d\u00e9sign\u00e9 par celui-ci, prend physiquement possession du dernier bien.<br\/><br\/>Pour exercer le droit de r\u00e9tractation, le Client devra contacter le Service Client de Delicatus Boutique, par \u00e9crit ou par courrier \u00e9lectronique (<strong><a href=\"mailto:orders@delicatus.be\">orders@delicatus.be<\/a><\/strong>) et les pr\u00e9venir du retour voulu, avant d\u2019envoyer le colis \u00e0 ses frais.<br\/><br\/>Tout produit \u00e0 retourner est \u00e0 envoyer \u00e0 l\u2019adresse suivante :<br\/>Delicatus Boutique <br\/>Rue du Moulin Maisin 2 <br\/>1370 Jodoigne <br\/>BELGIQUE<\/p>\n\n<h2 class=\"wp-block-heading\">Politique de Remboursement<\/h2>\n\n<h4 class=\"wp-block-heading\">Si le Client a d\u00e9j\u00e0 re\u00e7u sa commande<\/h4>\n\n<p>En cas d&rsquo;exercice de son droit de r\u00e9tractation, Delicatus Boutique remboursera au Client tous les paiements re\u00e7us, y compris les frais de livraison standards. Ce remboursement interviendra sans retard injustifi\u00e9 et au plus tard 14 jours apr\u00e8s que nous ayons \u00e9t\u00e9 inform\u00e9s de sa d\u00e9cision de se r\u00e9tracter.<br\/><br\/>Le remboursement sera effectu\u00e9 en utilisant le m\u00eame moyen de paiement que celui du Client pour la transaction initiale, sauf si celui-ci pr\u00e9cise express\u00e9ment un moyen diff\u00e9rent ; en tout \u00e9tat de cause, ce remboursement n\u2019occasionnera pas de frais pour l\u2019Acheteur. Delicatus peut diff\u00e9rer le remboursement jusqu\u2019\u00e0 ce que nous ayons re\u00e7u le\/s bien\/s ou jusqu\u2019\u00e0 ce que le Client ait fourni une preuve d\u2019exp\u00e9dition du\/des produit\/s, la date retenue \u00e9tant celle du premier de ces faits. <br\/><br\/>La responsabilit\u00e9 de l\u2019Acheteur n\u2019est engag\u00e9e qu\u2019\u00e0 l\u2019\u00e9gard de la d\u00e9pr\u00e9ciation du bien r\u00e9sultant de manipulations autres que celles n\u00e9cessaires pour \u00e9tablir la nature, les caract\u00e9ristiques et le bon fonctionnement de ce bien. Celui-ci a le droit d&rsquo;examiner le produit re\u00e7u comme il le ferait en magasin. Toutefois, l&rsquo;utilisation du produit au-del\u00e0 de ce qui est strictement n\u00e9cessaire pour cet examen peut entra\u00eener une d\u00e9pr\u00e9ciation de sa valeur. Si Delicatus constate une telle d\u00e9pr\u00e9ciation, nous nous r\u00e9servons le droit de d\u00e9duire une indemnit\u00e9 correspondante du montant rembours\u00e9. Cette indemnit\u00e9 sera calcul\u00e9e au cas par cas, en fonction de l&rsquo;\u00e9tat du produit retourn\u00e9 et de sa valeur marchande r\u00e9siduelle.    <br\/><br\/>En cas de retour partiel des produits command\u00e9s ou d&rsquo;erreur sur l&rsquo;adresse de livraison par le Client, les frais de livraison initiaux ne seront pas rembours\u00e9s.<\/p>\n\n<h4 class=\"wp-block-heading\">Si la commande n\u2019a pas encore \u00e9t\u00e9 exp\u00e9di\u00e9e<\/h4>\n\n<p>En cas d\u2019exercice du droit de r\u00e9tractation du Client, Delicatus Boutique remboursera tous les paiements re\u00e7us pour la commande sans retard excessif et en tout \u00e9tat de cause, au plus tard 14 jours apr\u00e8s la demande du Client.<\/p>\n\n<h4 class=\"wp-block-heading\">En cas des offres promotionnelles et cadeaux<\/h4>\n\n<h5 class=\"wp-block-heading\">Offres Promotionnelles<\/h5>\n\n<p>Si le Client a b\u00e9n\u00e9fici\u00e9 d&rsquo;une offre promotionnelle (par exemple, une r\u00e9duction, livraison gratuite, etc.) conditionn\u00e9e \u00e0 l&rsquo;achat d&rsquo;un certain nombre d&rsquo;articles et que celui-ci retourne une partie seulement de ces articles, le montant du remboursement sera ajust\u00e9 pour refl\u00e9ter la perte du b\u00e9n\u00e9fice de l&rsquo;offre promotionnelle. Concr\u00e8tement, la r\u00e9duction initialement accord\u00e9e sera d\u00e9duite du montant rembours\u00e9.<\/p>\n\n<h5 class=\"wp-block-heading\">Cadeaux<\/h5>\n\n<p>De m\u00eame, si le Client a re\u00e7u un cadeau dans le cadre d&rsquo;une offre promotionnelle et que celui-ci retourne le\/s produit\/s donnant droit \u00e0 ce cadeau, il devra \u00e9galement retourner le cadeau dans son \u00e9tat d&rsquo;origine. \u00c0 d\u00e9faut, la valeur du cadeau sera d\u00e9duite du montant rembours\u00e9.  <\/p>\n\n<h2 class=\"wp-block-heading\">Droit Applicable et R\u00e9solution des Litiges<\/h2>\n\n<p>Le pr\u00e9sent contrat est r\u00e9gi par le droit belge.<\/p>\n\n<p>En cas de litige, Delicatus Boutique privil\u00e9giera la r\u00e9solution amiable. \u00c0 cette fin, nous invitons l\u2019Acheteur \u00e0 nous contacter \u00e0 <strong><a href=\"mailto:hello@delicatus.be\">hello@delicatus.be<\/a><\/strong> pour tenter de trouver une solution. Conform\u00e9ment \u00e0 la r\u00e9glementation europ\u00e9enne, vous pouvez \u00e9galement utiliser la plateforme de R\u00e8glement en Ligne des Litiges (RLL) de la Commission Europ\u00e9enne pour r\u00e9soudre tout litige. Cette plateforme est accessible ici : http:\/\/ec.europa.eu\/odr.   <br\/><br\/>Si aucun accord amiable ne peut \u00eatre trouv\u00e9, tout litige relatif \u00e0 l&rsquo;interpr\u00e9tation ou \u00e0 l&rsquo;ex\u00e9cution du pr\u00e9sent contrat sera soumis \u00e0 la comp\u00e9tence exclusive des tribunaux de l&rsquo;arrondissement judiciaire du Brabant Wallon. Cependant, cette clause ne porte pas atteinte \u00e0 vos droits l\u00e9gaux, en tant que consommateur, de porter le litige devant les tribunaux de votre pays de r\u00e9sidence. <\/p>\n\n<h2 class=\"wp-block-heading\">Preuve et Dispositions Diverses<\/h2>\n\n<p>Les parties (le Vendeur et l\u2019Acheteur) acceptent les moyens de preuve \u00e9lectroniques, tels que les courriers \u00e9lectroniques et les enregistrements au sein de syst\u00e8mes informatiques. Une version imprim\u00e9e des pr\u00e9sentes Conditions G\u00e9n\u00e9rales de Vente et de toute mention annexe d\u00e9livr\u00e9e sous forme \u00e9lectronique sera admissible comme preuve dans toute proc\u00e9dure judiciaire ou extrajudiciaire. <br\/><br\/>Si une ou plusieurs dispositions des pr\u00e9sentes Conditions G\u00e9n\u00e9rales de Vente sont tenues pour non valides ou d\u00e9clar\u00e9es telles en application d\u2019une loi, d\u2019un r\u00e8glement ou \u00e0 la suite d\u2019une d\u00e9cision d\u00e9finitive d\u2019une juridiction comp\u00e9tente, les autres stipulations garderont toute leur force et leur port\u00e9e. La stipulation non valide sera remplac\u00e9e par une stipulation valide et licite la plus proche possible de l&rsquo;esprit et de l&rsquo;objectif de la stipulation initiale. <\/p>\n","protected":false},"excerpt":{"rendered":"<p>D\u00e9lais et Frais de Livraison Le Client recevra un e-mail contenant le num\u00e9ro de suivi du colis une fois la commande exp\u00e9di\u00e9e. Les frais de port sont calcul\u00e9s automatiquement lors de la finalisation de votre commande, en fonction de l&rsquo;adresse de livraison. Pays Point de retrait Delais (jours ouvrables) Livraison gratuite Livraison \u00e0 domicile Delais [&hellip;]<\/p>\n","protected":false},"author":2,"featured_media":0,"parent":0,"menu_order":9,"comment_status":"closed","ping_status":"closed","template":"","meta":{"_acf_changed":false,"footnotes":""},"class_list":["post-902","page","type-page","status-publish","hentry"],"acf":[],"_links":{"self":[{"href":"https:\/\/delicatusboutique.com\/fr\/wp-json\/wp\/v2\/pages\/902","targetHints":{"allow":["GET"]}}],"collection":[{"href":"https:\/\/delicatusboutique.com\/fr\/wp-json\/wp\/v2\/pages"}],"about":[{"href":"https:\/\/delicatusboutique.com\/fr\/wp-json\/wp\/v2\/types\/page"}],"author":[{"embeddable":true,"href":"https:\/\/delicatusboutique.com\/fr\/wp-json\/wp\/v2\/users\/2"}],"replies":[{"embeddable":true,"href":"https:\/\/delicatusboutique.com\/fr\/wp-json\/wp\/v2\/comments?post=902"}],"version-history":[{"count":2,"href":"https:\/\/delicatusboutique.com\/fr\/wp-json\/wp\/v2\/pages\/902\/revisions"}],"predecessor-version":[{"id":1634,"href":"https:\/\/delicatusboutique.com\/fr\/wp-json\/wp\/v2\/pages\/902\/revisions\/1634"}],"wp:attachment":[{"href":"https:\/\/delicatusboutique.com\/fr\/wp-json\/wp\/v2\/media?parent=902"}],"curies":[{"name":"wp","href":"https:\/\/api.w.org\/{rel}","templated":true}]}}