{"id":887,"date":"2025-04-05T16:58:19","date_gmt":"2025-04-05T14:58:19","guid":{"rendered":"https:\/\/delicatus.be\/home\/"},"modified":"2025-12-24T22:21:27","modified_gmt":"2025-12-24T21:21:27","slug":"home","status":"publish","type":"page","link":"https:\/\/delicatusboutique.com\/fr\/","title":{"rendered":"Accueil"},"content":{"rendered":"\n<div id=\"categories\" class=\"wp-block-group\"><div class=\"wp-block-group__inner-container is-layout-constrained wp-block-group-is-layout-constrained\">\n<div class=\"wp-block-columns my-5 pb-5 is-layout-flex wp-container-core-columns-is-layout-9d6595d7 wp-block-columns-is-layout-flex\">\n<div class=\"wp-block-column is-layout-flow wp-block-column-is-layout-flow\">\n<figure class=\"wp-block-image size-full\"><img loading=\"lazy\" decoding=\"async\" width=\"600\" height=\"600\" src=\"https:\/\/delicatusboutique.com\/wp-content\/uploads\/2025\/04\/uv-led-gel-polish.jpg\" alt=\"Vernis Gel UV LED\" class=\"wp-image-146\" srcset=\"https:\/\/delicatusboutique.com\/wp-content\/uploads\/2025\/04\/uv-led-gel-polish.jpg 600w, https:\/\/delicatusboutique.com\/wp-content\/uploads\/2025\/04\/uv-led-gel-polish-150x150.jpg 150w, https:\/\/delicatusboutique.com\/wp-content\/uploads\/2025\/04\/uv-led-gel-polish-300x300.jpg 300w, https:\/\/delicatusboutique.com\/wp-content\/uploads\/2025\/04\/uv-led-gel-polish-100x100.jpg 100w\" sizes=\"auto, (max-width: 600px) 100vw, 600px\" \/><\/figure>\n\n\n\n<h2 class=\"wp-block-heading\"><a href=\"https:\/\/delicatusboutique.com\/fr\/categorie-produit\/vernis-gel-uv-led\/\" data-type=\"product_cat\" data-id=\"31\">Vernis Gel UV LED<\/a><\/h2>\n<\/div>\n\n\n\n<div class=\"wp-block-column is-layout-flow wp-block-column-is-layout-flow\">\n<figure class=\"wp-block-image size-full\"><img loading=\"lazy\" decoding=\"async\" width=\"600\" height=\"600\" src=\"https:\/\/delicatusboutique.com\/wp-content\/uploads\/2025\/04\/basecoat-and-topcoats.jpg\" alt=\"Basecoat and Topcoats\" class=\"wp-image-145\" srcset=\"https:\/\/delicatusboutique.com\/wp-content\/uploads\/2025\/04\/basecoat-and-topcoats.jpg 600w, https:\/\/delicatusboutique.com\/wp-content\/uploads\/2025\/04\/basecoat-and-topcoats-150x150.jpg 150w, https:\/\/delicatusboutique.com\/wp-content\/uploads\/2025\/04\/basecoat-and-topcoats-300x300.jpg 300w, https:\/\/delicatusboutique.com\/wp-content\/uploads\/2025\/04\/basecoat-and-topcoats-100x100.jpg 100w\" sizes=\"auto, (max-width: 600px) 100vw, 600px\" \/><\/figure>\n\n\n\n<h2 class=\"wp-block-heading\"><a href=\"https:\/\/delicatusboutique.com\/fr\/categorie-produit\/basecoat-topcoat-dissolvant\/\" data-type=\"product_cat\" data-id=\"30\">Base, Topcoat et Dissolvant Gel<\/a><\/h2>\n<\/div>\n\n\n\n<div class=\"wp-block-column is-layout-flow wp-block-column-is-layout-flow\">\n<figure class=\"wp-block-image size-full\"><img loading=\"lazy\" decoding=\"async\" width=\"600\" height=\"600\" src=\"https:\/\/delicatusboutique.com\/wp-content\/uploads\/2025\/04\/accessories.jpg\" alt=\"Accessoires\" class=\"wp-image-144\" srcset=\"https:\/\/delicatusboutique.com\/wp-content\/uploads\/2025\/04\/accessories.jpg 600w, https:\/\/delicatusboutique.com\/wp-content\/uploads\/2025\/04\/accessories-150x150.jpg 150w, https:\/\/delicatusboutique.com\/wp-content\/uploads\/2025\/04\/accessories-300x300.jpg 300w, https:\/\/delicatusboutique.com\/wp-content\/uploads\/2025\/04\/accessories-100x100.jpg 100w\" sizes=\"auto, (max-width: 600px) 100vw, 600px\" \/><\/figure>\n\n\n\n<h2 class=\"wp-block-heading\"><a href=\"https:\/\/delicatusboutique.com\/fr\/categorie-produit\/accessoires\/\" data-type=\"product_cat\" data-id=\"29\">Accessoires<\/a><\/h2>\n<\/div>\n\n\n\n<div class=\"wp-block-column is-layout-flow wp-block-column-is-layout-flow\">\n<figure class=\"wp-block-image size-full\"><img loading=\"lazy\" decoding=\"async\" width=\"1816\" height=\"1816\" src=\"https:\/\/delicatusboutique.com\/wp-content\/uploads\/2025\/12\/4.-Skincare-3.webp\" alt=\"\" class=\"wp-image-2440\" srcset=\"https:\/\/delicatusboutique.com\/wp-content\/uploads\/2025\/12\/4.-Skincare-3.webp 1816w, https:\/\/delicatusboutique.com\/wp-content\/uploads\/2025\/12\/4.-Skincare-3-300x300.webp 300w, https:\/\/delicatusboutique.com\/wp-content\/uploads\/2025\/12\/4.-Skincare-3-1024x1024.webp 1024w, https:\/\/delicatusboutique.com\/wp-content\/uploads\/2025\/12\/4.-Skincare-3-150x150.webp 150w, https:\/\/delicatusboutique.com\/wp-content\/uploads\/2025\/12\/4.-Skincare-3-768x768.webp 768w, https:\/\/delicatusboutique.com\/wp-content\/uploads\/2025\/12\/4.-Skincare-3-1536x1536.webp 1536w, https:\/\/delicatusboutique.com\/wp-content\/uploads\/2025\/12\/4.-Skincare-3-600x600.webp 600w, https:\/\/delicatusboutique.com\/wp-content\/uploads\/2025\/12\/4.-Skincare-3-100x100.webp 100w\" sizes=\"auto, (max-width: 1816px) 100vw, 1816px\" \/><\/figure>\n\n\n\n<h2 class=\"wp-block-heading\"><a href=\"https:\/\/delicatusboutique.com\/fr\/categorie-produit\/skincare\/\" data-type=\"product_cat\" data-id=\"29\">Soins de la Peau<\/a><\/h2>\n<\/div>\n<\/div>\n<\/div><\/div>\n\n<div id=\"steps\" class=\"wp-block-group bg-primary bg-extend\"><div class=\"wp-block-group__inner-container is-layout-constrained wp-block-group-is-layout-constrained\">\n<h2 class=\"wp-block-heading has-text-align-center\">Mode d&rsquo;Emploi<\/h2>\n\n\n\n<div class=\"wp-block-columns custom-break-points is-layout-flex wp-container-core-columns-is-layout-9d6595d7 wp-block-columns-is-layout-flex\">\n<div class=\"wp-block-column is-layout-flow wp-block-column-is-layout-flow\">\n<figure class=\"wp-block-image size-full text-center\"><img loading=\"lazy\" decoding=\"async\" width=\"400\" height=\"550\" src=\"https:\/\/delicatusboutique.com\/wp-content\/uploads\/2025\/04\/step-1.jpg\" alt=\"\" class=\"wp-image-130\" title=\"\" srcset=\"https:\/\/delicatusboutique.com\/wp-content\/uploads\/2025\/04\/step-1.jpg 400w, https:\/\/delicatusboutique.com\/wp-content\/uploads\/2025\/04\/step-1-218x300.jpg 218w\" sizes=\"auto, (max-width: 400px) 100vw, 400px\" \/><\/figure>\n\n\n\n<h3 class=\"wp-block-heading\">Pr\u00e9paration des ongles<\/h3>\n\n\n\n<p>Limez vos ongles (si n\u00e9cessaire) et utilisez un bloc polissoir pour cr\u00e9er une surface optimale.<\/p>\n<\/div>\n\n\n\n<div class=\"wp-block-column is-layout-flow wp-block-column-is-layout-flow\">\n<figure class=\"wp-block-image size-full text-center\"><img loading=\"lazy\" decoding=\"async\" width=\"400\" height=\"550\" src=\"https:\/\/delicatusboutique.com\/wp-content\/uploads\/2025\/04\/step-2.jpg\" alt=\"\" class=\"wp-image-132\" srcset=\"https:\/\/delicatusboutique.com\/wp-content\/uploads\/2025\/04\/step-2.jpg 400w, https:\/\/delicatusboutique.com\/wp-content\/uploads\/2025\/04\/step-2-218x300.jpg 218w\" sizes=\"auto, (max-width: 400px) 100vw, 400px\" \/><\/figure>\n\n\n\n<h3 class=\"wp-block-heading\">Basecoat et Catalysation<\/h3>\n\n\n\n<p>Appliquez notre <strong>Basecoat<\/strong> <strong>avant<\/strong> d&rsquo;appliquer une couche de couleur et catalysez chaque couche individuellement.<\/p>\n<\/div>\n\n\n\n<div class=\"wp-block-column is-layout-flow wp-block-column-is-layout-flow\">\n<figure class=\"wp-block-image size-full text-center\"><img loading=\"lazy\" decoding=\"async\" width=\"400\" height=\"550\" src=\"https:\/\/delicatusboutique.com\/wp-content\/uploads\/2025\/04\/step-3.jpg\" alt=\"\" class=\"wp-image-133\" srcset=\"https:\/\/delicatusboutique.com\/wp-content\/uploads\/2025\/04\/step-3.jpg 400w, https:\/\/delicatusboutique.com\/wp-content\/uploads\/2025\/04\/step-3-218x300.jpg 218w\" sizes=\"auto, (max-width: 400px) 100vw, 400px\" \/><\/figure>\n\n\n\n<h3 class=\"wp-block-heading\">Appliquez des Couches Fines<\/h3>\n\n\n\n<p>Appliquez des couches fines et uniformes du vernis gel et catalysez-les l&rsquo;une apr\u00e8s l&rsquo;autre (60 secs devrait \u00eatre suffisant).<\/p>\n<\/div>\n\n\n\n<div class=\"wp-block-column is-layout-flow wp-block-column-is-layout-flow\">\n<figure class=\"wp-block-image size-full text-center\"><img loading=\"lazy\" decoding=\"async\" width=\"400\" height=\"550\" src=\"https:\/\/delicatusboutique.com\/wp-content\/uploads\/2025\/04\/step-4.jpg\" alt=\"\" class=\"wp-image-134\" srcset=\"https:\/\/delicatusboutique.com\/wp-content\/uploads\/2025\/04\/step-4.jpg 400w, https:\/\/delicatusboutique.com\/wp-content\/uploads\/2025\/04\/step-4-218x300.jpg 218w\" sizes=\"auto, (max-width: 400px) 100vw, 400px\" \/><\/figure>\n\n\n\n<h3 class=\"wp-block-heading\">Topcoat et Catalysation<\/h3>\n\n\n\n<p>Apr\u00e8s la catalysation : Le vernis gel doit \u00eatre compl\u00e8tement sec, ferme et brillant apr\u00e8s application du <strong>Topcoat<\/strong>.<\/p>\n<\/div>\n<\/div>\n\n\n\n<p class=\"fs-7 text-white-50 position-absolute bottom-0 end-0\"><em>Cr\u00e9dit photo: Alexandra Teleki &#8211; @thehotblend<\/em><\/p>\n\n\n\n<div class=\"wp-block-buttons is-layout-flex wp-block-buttons-is-layout-flex\">\n<div class=\"wp-block-button mx-auto mb-5 mb-md-0\"><a class=\"wp-block-button__link has-text-align-center wp-element-button\" href=\"https:\/\/delicatusboutique.com\/fr\/boutique\/\">Commander<\/a><\/div>\n<\/div>\n<\/div><\/div>\n\n<p><\/p>\n","protected":false},"excerpt":{"rendered":"<p>Vernis Gel UV LED Base, Topcoat et Dissolvant Gel Accessoires Soins de la Peau Mode d&rsquo;Emploi Pr\u00e9paration des ongles Limez vos ongles (si n\u00e9cessaire) et utilisez un bloc polissoir pour cr\u00e9er une surface optimale. Basecoat et Catalysation Appliquez notre Basecoat avant d&rsquo;appliquer une couche de couleur et catalysez chaque couche individuellement. Appliquez des Couches Fines [&hellip;]<\/p>\n","protected":false},"author":1,"featured_media":888,"parent":0,"menu_order":1,"comment_status":"closed","ping_status":"closed","template":"page-home.php","meta":{"_acf_changed":false,"footnotes":""},"class_list":["post-887","page","type-page","status-publish","has-post-thumbnail","hentry"],"acf":[],"_links":{"self":[{"href":"https:\/\/delicatusboutique.com\/fr\/wp-json\/wp\/v2\/pages\/887","targetHints":{"allow":["GET"]}}],"collection":[{"href":"https:\/\/delicatusboutique.com\/fr\/wp-json\/wp\/v2\/pages"}],"about":[{"href":"https:\/\/delicatusboutique.com\/fr\/wp-json\/wp\/v2\/types\/page"}],"author":[{"embeddable":true,"href":"https:\/\/delicatusboutique.com\/fr\/wp-json\/wp\/v2\/users\/1"}],"replies":[{"embeddable":true,"href":"https:\/\/delicatusboutique.com\/fr\/wp-json\/wp\/v2\/comments?post=887"}],"version-history":[{"count":34,"href":"https:\/\/delicatusboutique.com\/fr\/wp-json\/wp\/v2\/pages\/887\/revisions"}],"predecessor-version":[{"id":2572,"href":"https:\/\/delicatusboutique.com\/fr\/wp-json\/wp\/v2\/pages\/887\/revisions\/2572"}],"wp:featuredmedia":[{"embeddable":true,"href":"https:\/\/delicatusboutique.com\/fr\/wp-json\/wp\/v2\/media\/888"}],"wp:attachment":[{"href":"https:\/\/delicatusboutique.com\/fr\/wp-json\/wp\/v2\/media?parent=887"}],"curies":[{"name":"wp","href":"https:\/\/api.w.org\/{rel}","templated":true}]}}