{"id":2777,"date":"2026-01-22T23:07:32","date_gmt":"2026-01-22T22:07:32","guid":{"rendered":"https:\/\/delicatusboutique.com\/offers\/ramadan-coffret-cadeau-premium\/la-collection-cadeaux-de-fevrier\/"},"modified":"2026-01-29T00:10:29","modified_gmt":"2026-01-28T23:10:29","slug":"promotion-fevrier-conditions-generales","status":"publish","type":"page","link":"https:\/\/delicatusboutique.com\/fr\/offers\/ramadan-coffret-cadeau-premium\/promotion-fevrier-conditions-generales\/","title":{"rendered":"Promotion F\u00e9vrier &#8211; Conditions G\u00e9n\u00e9rales"},"content":{"rendered":"\n<h2 class=\"wp-block-heading has-text-align-center\"><strong>CONDITIONS G\u00c9N\u00c9RALES<\/strong><\/h2>\n\n<p><\/p>\n\n<h4 class=\"wp-block-heading\"><strong>1. ORGANISATEUR DE LA PROMOTION<\/strong><\/h4>\n\n<p>Cette promotion est organis\u00e9e par Delicatus Boutique, ci-apr\u00e8s d\u00e9nomm\u00e9e \u00ab l&rsquo;Organisateur \u00bb.<\/p>\n\n<p><\/p>\n\n<h4 class=\"wp-block-heading\"><strong>2. P\u00c9RIODE DE LA PROMOTION<\/strong><\/h4>\n\n<p>La \u00ab Collection Cadeaux de F\u00e9vrier \u00bb est disponible \u00e0 partir du <strong>29 janvier 2026, \u00e0 partir de 00 h 01 (CET)<\/strong> jusqu&rsquo;\u00e0 \u00e9puisement des stocks ou jusqu&rsquo;\u00e0 la fin des dates suivantes :<\/p>\n\n<ul class=\"wp-block-list\">\n<li><strong>Offre Saint-Valentin :<\/strong> Fin <strong>16 f\u00e9vrier 2026, \u00e0 23 h 59 (CET)<\/strong>.<\/li>\n\n\n\n<li><strong>Offre Ramadan :<\/strong> Fin <strong>9 mars 2026, \u00e0 23h59 (CET)<\/strong>.<\/li>\n<\/ul>\n\n<p><\/p>\n\n<h4 class=\"wp-block-heading\"><strong>3. ADMISSIBILIT\u00c9<\/strong><\/h4>\n\n<p>Cette promotion est ouverte \u00e0 tous les clients effectuant des achats via <a href=\"https:\/\/delicatusboutique.com\/fr\/\">https:\/\/delicatusboutique.com<\/a>.\nLes employ\u00e9s de l&rsquo;organisateur et leurs proches sont exclus. <\/p>\n\n<p><\/p>\n\n<h4 class=\"wp-block-heading\"><strong>4. LES OFFRES<\/strong><\/h4>\n\n<p>La promotion consiste en des r\u00e9compenses \u00e9chelonn\u00e9es bas\u00e9es sur la \u00ab Valeur du Panier \u00bb (hors frais d&rsquo;exp\u00e9dition) :<\/p>\n\n<ul class=\"wp-block-list\">\n<li><strong>Niveau 1 (Coffret Cadeau Saint-Valentin) :<\/strong>\n<ul class=\"wp-block-list\">\n<li><strong>Seuil :<\/strong> Achat minimum d&rsquo;une valeur de <strong>69,99 \u20ac<\/strong>.<\/li>\n\n\n\n<li><strong>Cadeau :<\/strong> Une (1) bo\u00eete cadeau transparente contenant 2 sucettes en forme de c\u0153ur et 3 savons artisanaux en forme de rose.<\/li>\n\n\n\n<li><strong>Disponibilit\u00e9 :<\/strong> Valable jusqu&rsquo;au 16 f\u00e9vrier 2026 ou jusqu&rsquo;\u00e0 \u00e9puisement des stocks.<\/li>\n<\/ul>\n<\/li>\n<\/ul>\n\n<p><\/p>\n\n<ul class=\"wp-block-list\">\n<li><strong>Niveau 2 (Coffret Cadeau Premium Ramadan) :<\/strong>\n<ul class=\"wp-block-list\">\n<li><strong>Seuil :<\/strong> Achat minimum d&rsquo;une valeur de <strong>99,99 \u20ac<\/strong>.<\/li>\n\n\n\n<li><strong>Cadeau :<\/strong> Un (1) ensemble de pri\u00e8re contenant 1 tapis de pri\u00e8re et des perles de pri\u00e8re (Tasbih).<\/li>\n\n\n\n<li><strong>Disponibilit\u00e9 :<\/strong> Valable jusqu&rsquo;au 9 mars 2026, ou dans la limite des stocks disponibles.<\/li>\n<\/ul>\n<\/li>\n<\/ul>\n\n<p><\/p>\n\n<ul class=\"wp-block-list\">\n<li><strong><strong>Niveau 3 (La Double C\u00e9l\u00e9bration!) :<\/strong><\/strong>\n<ul class=\"wp-block-list\">\n<li><strong>Seuil :<\/strong> Achat minimum d&rsquo;une valeur de <strong>150,00 \u20ac<\/strong>.<\/li>\n\n\n\n<li><strong>Cadeau :<\/strong> Les <strong>DEUX,<\/strong> le coffret cadeau de la Saint-Valentin <strong>ET<\/strong> le set de pri\u00e8re premium pour le Ramadan.<\/li>\n<\/ul>\n<\/li>\n<\/ul>\n\n<p><\/p>\n\n<h4 class=\"wp-block-heading\"><strong>5. CONDITIONS DE L&rsquo;OFFRE<\/strong><\/h4>\n\n<ul class=\"wp-block-list\">\n<li><strong>Cumul des Offres :<\/strong> Les offres ne sont <strong>pas cumulables<\/strong> pour les commandes inf\u00e9rieures \u00e0 150,00 \u20ac. Un client d\u00e9pensant entre 99,99 \u20ac et 149,99 \u20ac est admissible soit pour le cadeau Saint-Valentin (niveau 1) <strong>OU<\/strong> le coffret cadeau Ramadan (niveau 2) uniquement. <\/li>\n\n\n\n<li><strong>Double Cadeau :<\/strong> Les clients dont le montant du panier est sup\u00e9rieur ou \u00e9gal \u00e0 <strong>150,00 \u20ac<\/strong> peuvent recevoir <strong>LES DEUX<\/strong> cadeaux (niveau 3). En fonction de la disponibilit\u00e9 technique au moment du paiement, le client peut \u00eatre amen\u00e9 \u00e0 s\u00e9lectionner\/ajouter manuellement les deux articles \u00e0 son panier pour confirmer son choix. <\/li>\n\n\n\n<li><strong>Limitations des Stocks :<\/strong> Les cadeaux sont soumis \u00e0 disponibilit\u00e9. L&rsquo; organisateur se r\u00e9serve le droit de remplacer le cadeau par un article de valeur \u00e9quivalente si les stocks sont \u00e9puis\u00e9s. <\/li>\n\n\n\n<li><strong>Aucune Valeur Mon\u00e9taire :<\/strong> Les cadeaux ne peuvent \u00eatre \u00e9chang\u00e9s contre de l&rsquo;argent, des cr\u00e9dits en magasin ou d&rsquo;autres produits.<\/li>\n<\/ul>\n\n<p><\/p>\n\n<h4 class=\"wp-block-heading\"><strong>6. RETOURS ET REMBOURSEMENTS (CLAUSE DE RECOUVREMENT)<\/strong><\/h4>\n\n<ul class=\"wp-block-list\">\n<li><strong>Seuil Ajustements :<\/strong> Si un client retourne des articles tels que la commande totale tombe en dessous d&rsquo;un seuil sp\u00e9cifique, le client doit retourner le ou les cadeaux associ\u00e9s \u00e0 ce seuil. <br\/><em>Exemple : Si un retour r\u00e9duit une commande de 150,00 \u20ac \u00e0 110,00 \u20ac, le client n&rsquo;est plus \u00e9ligible pour le cadeau de la Saint-Valentin et doit le retourner ; mais peut conserver le coffret cadeau Ramadan (car le montant total reste sup\u00e9rieur \u00e0 99,99 \u20ac). <\/em><\/li>\n\n\n\n<li><strong>D\u00e9duction de Valeur :<\/strong> Si le cadeau requis n&rsquo;est pas retourn\u00e9 dans son \u00e9tat d&rsquo;origine, non utilis\u00e9, l&rsquo;Organisateur se r\u00e9serve le droit de d\u00e9duire la valeur du cadeau non retourn\u00e9 du montant du remboursement.\n<ul class=\"wp-block-list\">\n<li><em>Valeur estim\u00e9e pour les cadeaux de Saint-Valentin :<\/em> <em>15,00 \u20ac<\/em><\/li>\n\n\n\n<li><em>Valeur estim\u00e9e pour les cadeaux du Ramadan :<\/em> <em>25,00 \u20ac<\/em><\/li>\n<\/ul>\n<\/li>\n<\/ul>\n\n<p><\/p>\n\n<h4 class=\"wp-block-heading\"><strong>7. EXP\u00c9DITION<\/strong><\/h4>\n\n<p>Le seuil d&rsquo;admissibilit\u00e9 (69,99 \u20ac ou 99,99 \u20ac) fait r\u00e9f\u00e9rence au prix des produits uniquement. Les frais d&rsquo;exp\u00e9dition ne sont pas pris en compte dans le calcul de ce seuil. <\/p>\n\n<p><\/p>\n\n<h4 class=\"wp-block-heading\"><strong>8. MODIFICATION<\/strong><\/h4>\n\n<p>Delicatus Boutique se r\u00e9serve le droit d&rsquo;annuler, de suspendre ou de modifier les pr\u00e9sentes Conditions G\u00e9n\u00e9rales ou la promotion \u00e0 tout moment sans pr\u00e9avis.<\/p>\n\n<p><\/p>\n\n<h4 class=\"wp-block-heading\"><strong>9. RESPONSABILIT\u00c9<\/strong><\/h4>\n\n<p>L&rsquo;Organisateur n&rsquo;est pas responsable des \u00e9ventuelles allergies ou r\u00e9actions ind\u00e9sirables provoqu\u00e9es par des produits consommables (sucettes) ou cosm\u00e9tiques (savons) inclus dans les coffrets cadeaux. Les listes d&rsquo;ingr\u00e9dients sont fournies sur l&#8217;emballage du produit ; les clients sont responsables de les consulter d\u00e8s leur r\u00e9ception. <\/p>\n","protected":false},"excerpt":{"rendered":"<p>CONDITIONS G\u00c9N\u00c9RALES 1. ORGANISATEUR DE LA PROMOTION Cette promotion est organis\u00e9e par Delicatus Boutique, ci-apr\u00e8s d\u00e9nomm\u00e9e \u00ab l&rsquo;Organisateur \u00bb. 2. P\u00c9RIODE DE LA PROMOTION La \u00ab Collection Cadeaux de F\u00e9vrier \u00bb est disponible \u00e0 partir du 29 janvier 2026, \u00e0 partir de 00 h 01 (CET) jusqu&rsquo;\u00e0 \u00e9puisement des stocks ou jusqu&rsquo;\u00e0 la fin des [&hellip;]<\/p>\n","protected":false},"author":2,"featured_media":2778,"parent":2767,"menu_order":0,"comment_status":"closed","ping_status":"closed","template":"","meta":{"_acf_changed":false,"footnotes":""},"class_list":["post-2777","page","type-page","status-publish","has-post-thumbnail","hentry"],"acf":[],"_links":{"self":[{"href":"https:\/\/delicatusboutique.com\/fr\/wp-json\/wp\/v2\/pages\/2777","targetHints":{"allow":["GET"]}}],"collection":[{"href":"https:\/\/delicatusboutique.com\/fr\/wp-json\/wp\/v2\/pages"}],"about":[{"href":"https:\/\/delicatusboutique.com\/fr\/wp-json\/wp\/v2\/types\/page"}],"author":[{"embeddable":true,"href":"https:\/\/delicatusboutique.com\/fr\/wp-json\/wp\/v2\/users\/2"}],"replies":[{"embeddable":true,"href":"https:\/\/delicatusboutique.com\/fr\/wp-json\/wp\/v2\/comments?post=2777"}],"version-history":[{"count":3,"href":"https:\/\/delicatusboutique.com\/fr\/wp-json\/wp\/v2\/pages\/2777\/revisions"}],"predecessor-version":[{"id":2793,"href":"https:\/\/delicatusboutique.com\/fr\/wp-json\/wp\/v2\/pages\/2777\/revisions\/2793"}],"up":[{"embeddable":true,"href":"https:\/\/delicatusboutique.com\/fr\/wp-json\/wp\/v2\/pages\/2767"}],"wp:featuredmedia":[{"embeddable":true,"href":"https:\/\/delicatusboutique.com\/fr\/wp-json\/wp\/v2\/media\/2778"}],"wp:attachment":[{"href":"https:\/\/delicatusboutique.com\/fr\/wp-json\/wp\/v2\/media?parent=2777"}],"curies":[{"name":"wp","href":"https:\/\/api.w.org\/{rel}","templated":true}]}}