{"id":2767,"date":"2026-01-22T23:03:11","date_gmt":"2026-01-22T22:03:11","guid":{"rendered":"https:\/\/delicatusboutique.com\/offers\/ramadan-coffret-cadeau-premium\/"},"modified":"2026-03-26T16:38:31","modified_gmt":"2026-03-26T15:38:31","slug":"ramadan-coffret-cadeau-premium","status":"publish","type":"page","link":"https:\/\/delicatusboutique.com\/fr\/offers\/ramadan-coffret-cadeau-premium\/","title":{"rendered":"Coffret Cadeau Premium Ramadan"},"content":{"rendered":"\n<h1 class=\"wp-block-heading has-text-align-center mb-4\"><span style=\"text-decoration: underline;\">Votre Rituel Beaut\u00e9 Ramadan, Complet<\/span> \ud83e\udd32<\/h1>\n\n<h2 class=\"wp-block-heading has-text-align-center\"><strong>D\u00e9pensez 99,99 \u20ac : Recevez notre Coffret Cadeau Premium Ramadan<\/strong><\/h2>\n\n<div class=\"wp-block-columns is-layout-flex wp-container-core-columns-is-layout-9d6595d7 wp-block-columns-is-layout-flex\">\n<div class=\"wp-block-column d-flex is-layout-flow wp-block-column-is-layout-flow\" style=\"flex-basis:65%\">\n<div class=\"wp-block-group m-auto\"><div class=\"wp-block-group__inner-container is-layout-constrained wp-block-group-is-layout-constrained\">\n<h5 class=\"wp-block-heading\">Tasbih (33 grosses perles blanches)<\/h5>\n\n\n\n<p>Le Tasbih est parfait pour ceux qui recherchent un accessoire robuste, agr\u00e9able et durable pour accompagner leurs dhikr quotidien. <br\/>Il est con\u00e7u pour tous : d\u00e9butants, pratiquants assidus, jeunes et personnes \u00e2g\u00e9es, mais particuli\u00e8rement adapt\u00e9 pour ceux qui recherchent un Tasbih facile \u00e0 manier, m\u00eame pendant de longues s\u00e9ances d&rsquo;invocation. <br\/><br\/>Ce Tasbih trouve sa place aux c\u00f4t\u00e9s de vos essentiels pour accompagner votre spiritualit\u00e9 au quotidien. Il est facile \u00e0 transporter en voyage ou pendant vos moments de m\u00e9ditation silencieuse. <\/p>\n<\/div><\/div>\n<\/div>\n\n\n\n<div class=\"wp-block-column is-layout-flow wp-block-column-is-layout-flow\">\n<figure class=\"wp-block-image size-large rounded-4 overflow-hidden is-style-default\"><img loading=\"lazy\" decoding=\"async\" width=\"1024\" height=\"1024\" src=\"https:\/\/delicatusboutique.com\/wp-content\/uploads\/2026\/01\/Tasbih_2-1024x1024.jpg\" alt=\"\" class=\"wp-image-2717\" style=\"aspect-ratio:3\/4;object-fit:cover\" srcset=\"https:\/\/delicatusboutique.com\/wp-content\/uploads\/2026\/01\/Tasbih_2-1024x1024.jpg 1024w, https:\/\/delicatusboutique.com\/wp-content\/uploads\/2026\/01\/Tasbih_2-300x300.jpg 300w, https:\/\/delicatusboutique.com\/wp-content\/uploads\/2026\/01\/Tasbih_2-150x150.jpg 150w, https:\/\/delicatusboutique.com\/wp-content\/uploads\/2026\/01\/Tasbih_2-768x768.jpg 768w, https:\/\/delicatusboutique.com\/wp-content\/uploads\/2026\/01\/Tasbih_2-1536x1536.jpg 1536w, https:\/\/delicatusboutique.com\/wp-content\/uploads\/2026\/01\/Tasbih_2-600x600.jpg 600w, https:\/\/delicatusboutique.com\/wp-content\/uploads\/2026\/01\/Tasbih_2-100x100.jpg 100w, https:\/\/delicatusboutique.com\/wp-content\/uploads\/2026\/01\/Tasbih_2-64x64.jpg 64w, https:\/\/delicatusboutique.com\/wp-content\/uploads\/2026\/01\/Tasbih_2.jpg 2048w\" sizes=\"auto, (max-width: 1024px) 100vw, 1024px\" \/><\/figure>\n<\/div>\n<\/div>\n\n<div class=\"wp-block-columns is-layout-flex wp-container-core-columns-is-layout-9d6595d7 wp-block-columns-is-layout-flex\">\n<div class=\"wp-block-column is-layout-flow wp-block-column-is-layout-flow\">\n<figure class=\"wp-block-image size-large rounded-4 overflow-hidden\"><img loading=\"lazy\" decoding=\"async\" width=\"687\" height=\"1024\" src=\"https:\/\/delicatusboutique.com\/wp-content\/uploads\/2026\/01\/Musallah-687x1024.jpg\" alt=\"\" class=\"wp-image-2718\" srcset=\"https:\/\/delicatusboutique.com\/wp-content\/uploads\/2026\/01\/Musallah-687x1024.jpg 687w, https:\/\/delicatusboutique.com\/wp-content\/uploads\/2026\/01\/Musallah-201x300.jpg 201w, https:\/\/delicatusboutique.com\/wp-content\/uploads\/2026\/01\/Musallah-768x1145.jpg 768w, https:\/\/delicatusboutique.com\/wp-content\/uploads\/2026\/01\/Musallah-1030x1536.jpg 1030w, https:\/\/delicatusboutique.com\/wp-content\/uploads\/2026\/01\/Musallah-1374x2048.jpg 1374w, https:\/\/delicatusboutique.com\/wp-content\/uploads\/2026\/01\/Musallah-600x894.jpg 600w, https:\/\/delicatusboutique.com\/wp-content\/uploads\/2026\/01\/Musallah-64x95.jpg 64w, https:\/\/delicatusboutique.com\/wp-content\/uploads\/2026\/01\/Musallah.jpg 1696w\" sizes=\"auto, (max-width: 687px) 100vw, 687px\" \/><\/figure>\n<\/div>\n\n\n\n<div class=\"wp-block-column is-vertically-aligned-stretch d-flex is-layout-flow wp-block-column-is-layout-flow\" style=\"flex-basis:65%\">\n<div class=\"wp-block-group m-auto\"><div class=\"wp-block-group__inner-container is-layout-constrained wp-block-group-is-layout-constrained\">\n<h5 class=\"wp-block-heading\">Tapis de Pri\u00e8re avec motif floral Mihrab en bleu<\/h5>\n\n\n\n<p>Con\u00e7u pour les adultes, ce tapis mesure 69 cm de large et 119 cm de long. Il est compos\u00e9 de 80% polyester et 20% coton pour un \u00e9quilibre parfait entre douceur et durabilit\u00e9.  <br\/><br\/>Le motif \u00ab Mihrab \u00bb, symbolisant la direction de la pri\u00e8re, est mis en valeur par de d\u00e9licates fleurs soulign\u00e9es sur ce tapis. <br\/><br\/>Fabriqu\u00e9 en Turquie<\/p>\n<\/div><\/div>\n<\/div>\n<\/div>\n\n<p>*<em>Sous r\u00e9serve des <a href=\"https:\/\/delicatusboutique.com\/fr\/offers\/ramadan-coffret-cadeau-premium\/promotion-fevrier-conditions-generales\/\" data-type=\"page\" data-id=\"2721\">Conditions g\u00e9n\u00e9rales<\/a>. Jusqu&rsquo;\u00e0 \u00e9puisement des stocks. <\/em><\/p>\n\n<div class=\"wp-block-buttons is-content-justification-center is-layout-flex wp-container-core-buttons-is-layout-16018d1d wp-block-buttons-is-layout-flex\">\n<div class=\"wp-block-button\"><a class=\"wp-block-button__link wp-element-button\" href=\"https:\/\/delicatusboutique.com\/fr\/categorie-produit\/vernis-gel-uv-led\/nudes\/\">Preparez votre Ramadan<\/a><\/div>\n<\/div>\n","protected":false},"excerpt":{"rendered":"<p>Votre Rituel Beaut\u00e9 Ramadan, Complet \ud83e\udd32 D\u00e9pensez 99,99 \u20ac : Recevez notre Coffret Cadeau Premium Ramadan Tasbih (33 grosses perles blanches) Le Tasbih est parfait pour ceux qui recherchent un accessoire robuste, agr\u00e9able et durable pour accompagner leurs dhikr quotidien. Il est con\u00e7u pour tous : d\u00e9butants, pratiquants assidus, jeunes et personnes \u00e2g\u00e9es, mais particuli\u00e8rement [&hellip;]<\/p>\n","protected":false},"author":2,"featured_media":2768,"parent":1970,"menu_order":0,"comment_status":"closed","ping_status":"closed","template":"page-offers.php","meta":{"_acf_changed":false,"footnotes":""},"class_list":["post-2767","page","type-page","status-publish","has-post-thumbnail","hentry"],"acf":[],"_links":{"self":[{"href":"https:\/\/delicatusboutique.com\/fr\/wp-json\/wp\/v2\/pages\/2767","targetHints":{"allow":["GET"]}}],"collection":[{"href":"https:\/\/delicatusboutique.com\/fr\/wp-json\/wp\/v2\/pages"}],"about":[{"href":"https:\/\/delicatusboutique.com\/fr\/wp-json\/wp\/v2\/types\/page"}],"author":[{"embeddable":true,"href":"https:\/\/delicatusboutique.com\/fr\/wp-json\/wp\/v2\/users\/2"}],"replies":[{"embeddable":true,"href":"https:\/\/delicatusboutique.com\/fr\/wp-json\/wp\/v2\/comments?post=2767"}],"version-history":[{"count":6,"href":"https:\/\/delicatusboutique.com\/fr\/wp-json\/wp\/v2\/pages\/2767\/revisions"}],"predecessor-version":[{"id":3218,"href":"https:\/\/delicatusboutique.com\/fr\/wp-json\/wp\/v2\/pages\/2767\/revisions\/3218"}],"up":[{"embeddable":true,"href":"https:\/\/delicatusboutique.com\/fr\/wp-json\/wp\/v2\/pages\/1970"}],"wp:featuredmedia":[{"embeddable":true,"href":"https:\/\/delicatusboutique.com\/fr\/wp-json\/wp\/v2\/media\/2768"}],"wp:attachment":[{"href":"https:\/\/delicatusboutique.com\/fr\/wp-json\/wp\/v2\/media?parent=2767"}],"curies":[{"name":"wp","href":"https:\/\/api.w.org\/{rel}","templated":true}]}}